{"id":674,"date":"2023-02-06T13:54:11","date_gmt":"2023-02-06T13:54:11","guid":{"rendered":"https:\/\/jaso.com\/tower\/?page_id=674"},"modified":"2025-02-11T11:31:08","modified_gmt":"2025-02-11T11:31:08","slug":"politica-de-privacidad","status":"publish","type":"page","link":"https:\/\/jaso.com\/tower\/politica-de-privacidad\/","title":{"rendered":"Pol\u00edtica de privacidad"},"content":{"rendered":"\n<p>En&nbsp;<strong>JASO EQUIPOS DE OBRAS Y CONSTRUCCIONES, S.L.<\/strong>&nbsp;(en adelante, \u201c<strong>JASO<\/strong>\u201d), nos preocupamos por los datos personales que tratamos y por el exacto cumplimiento de la normativa vigente aplicable en dicha materia.<\/p>\n\n\n\n<p>Por eso hemos elaborado la presente Pol\u00edtica de Privacidad (en adelante, la \u201c<strong>POL\u00cdTICA DE PRIVACIDAD<\/strong>\u201d) que regula, con car\u00e1cter general, la recogida y tratamiento por parte de JASO de los datos personales que usted nos facilita como usuario de la p\u00e1gina web accesible a trav\u00e9s del nombre de dominio&nbsp;&nbsp;<a href=\"https:\/\/jaso.com\/tower\/\">https:\/\/jaso.com\/tower\/<\/a> (en adelante, el \u201c<strong>WEBSITE<\/strong>\u201d), incluidos los servicios de blog, redes sociales, servicios de informaci\u00f3n \u201cNewsletter\u201d o cualesquiera otras funcionalidades que en cada momento se encuentren disponibles a trav\u00e9s del WEBSITE. Todo ello sin perjuicio de las previsiones espec\u00edficas establecidas en determinadas secciones, formularios o servicios disponibles en el WEBSITE al objeto de facilitarle la informaci\u00f3n pertinente y, en su caso, recabar su consentimiento.<\/p>\n\n\n\n<p>Esta pol\u00edtica de privacidad tiene por objeto facilitar informaci\u00f3n en relaci\u00f3n a los tratamientos de datos personales de&nbsp;<strong>JASO<\/strong>&nbsp;y describir los derechos que asisten a los interesados, de conformidad al Reglamento (UE) 2016\/679 del Parlamento Europeo y del Consejo, de 27 de abril de 2016, relativo a la protecci\u00f3n de las personas f\u00edsicas en lo que respecta al tratamiento de datos personales y a la libre circulaci\u00f3n de estos datos (RGPD), y la Ley Org\u00e1nica 3\/2018 de 5 de diciembre, de Protecci\u00f3n de Datos Personales y garant\u00eda de los derechos digitales (LOPDGDD).<\/p>\n\n\n\n<p><strong>Identidad y datos de contacto del Responsable<\/strong><\/p>\n\n\n\n<p>Titular:&nbsp; JASO EQUIPOS DE OBRAS Y CONSTRUCCIONES, S.L<\/p>\n\n\n\n<p>CIF \/ NIF: B20775839<\/p>\n\n\n\n<p>Tel\u00e9fono: <a href=\"tel:+34943187000\">(+34) 943187000<\/a><\/p>\n\n\n\n<p>Datos Registrales: Registro Mercantil de GIPUZKOA, Tomo 1.963, Folio 140, Hoja SS-20761<\/p>\n\n\n\n<p>Es la responsable de los tratamientos de datos que se enumeran a continuaci\u00f3n. Para contactar con la misma pueden utilizarse los siguientes canales:<\/p>\n\n\n\n<ul class=\"wp-block-list\">\n<li>Mediante correo postal dirigido a Ctra. Madrid-Ir\u00fan, Km. 412, 20213 Idiaz\u00e1bal (Guipuzcoa), ESPA\u00d1A-SPAIN,<\/li>\n\n\n\n<li>A trav\u00e9s de la direcci\u00f3n de correo electr\u00f3nico: <a href=\"mailto:jaso@jaso.com\">jaso@jaso.com<\/a>.\u00a0<\/li>\n<\/ul>\n\n\n\n<p><strong>Finalidad del tratamiento de sus datos personales<\/strong><\/p>\n\n\n\n<p>Dentro de la plataforma digital de <strong>JASO<\/strong>&nbsp;la recogida y tratamiento de los datos personales de la persona usuaria se realizar\u00e1 en funci\u00f3n del contexto y naturaleza, con las finalidades siguientes:<\/p>\n\n\n\n<ul class=\"wp-block-list\">\n<li>Contactar con la persona que nos haya realizado una consulta o solicitada informaci\u00f3n, para atenderlas y hacer su seguimiento.<\/li>\n\n\n\n<li>Gestionar los procesos de selecci\u00f3n del personal que lleve a cabo la compa\u00f1\u00eda, as\u00ed como las auto-candidaturas recibidas<\/li>\n\n\n\n<li>Gestionar su suscripci\u00f3n a nuestro newsletter, con informaci\u00f3n comercial sobre nuestros productos, servicios y novedades, y proceder a su env\u00edo por correo electr\u00f3nico.<\/li>\n\n\n\n<li>Facilitar el acceso al \u00e1rea privada de la p\u00e1gina web para clientes\/distribuidores.<\/li>\n\n\n\n<li>Gesti\u00f3n y atenci\u00f3n de incidencias a trav\u00e9s del Centro de Atenci\u00f3n a Incidencias<\/li>\n\n\n\n<li>Contactar con el cliente o proveedor<\/li>\n<\/ul>\n\n\n\n<p><strong>Base jur\u00eddica para el tratamiento de sus datos<\/strong><\/p>\n\n\n\n<p>La base jur\u00eddica para el tratamiento de sus datos personales es el consentimiento del interesado que voluntariamente nos dirige su solicitud o consulta, nos presenta la solicitud de participaci\u00f3n en el proceso de selecci\u00f3n o auto-candidatura, accede al \u00e1rea privada de la p\u00e1gina web o se suscribe al newsletter y el cumplimiento de las obligaciones contractuales en el caso de que quien contacte sea un cliente o proveedor<\/p>\n\n\n\n<p><strong>Conservaci\u00f3n de los datos<\/strong><\/p>\n\n\n\n<p>En cada tratamiento los datos se conservar\u00e1n durante el mantenimiento de las relaciones establecidas y, con posterioridad, durante los plazos legales aplicables y el tiempo necesario para cumplir con la finalidad para la que se recabaron y para determinar las posibles responsabilidades que se pudieran derivar de dicha finalidad y del tratamiento de los datos. Los datos relativos a su suscripci\u00f3n al newsletter ser\u00e1n conservados mientras el usuario no solicite su supresi\u00f3n o revoque el consentimiento para su tratamiento. \u00danicamente se solicitan los datos necesarios para cada tratamiento. La no comunicaci\u00f3n de los datos de nuestros formularios online implicar\u00e1 no poder atender sus solicitudes.<\/p>\n\n\n\n<p><strong>Destinatarios<\/strong><\/p>\n\n\n\n<p>Sus datos personales no se ceder\u00e1n a terceros, salvo obligaci\u00f3n legal. Los datos de las personas que se suscriban al newsletter se compartir\u00e1n con The Rocket Science Group LLC., compa\u00f1\u00eda con sede en EE.UU. En este caso se podr\u00e1 producir una transferencia internacional a EEUU basada en una decisi\u00f3n de adecuaci\u00f3n como pa\u00eds con garant\u00edas de nivel de protecci\u00f3n adecuado o en ausencia de decisi\u00f3n de adecuaci\u00f3n, de acuerdo con el consentimiento expl\u00edcito de la persona interesada.<\/p>\n\n\n\n<p><strong>Ejercicio de derechos<\/strong><\/p>\n\n\n\n<p>Le informamos de que podr\u00e1 ejercer los siguientes derechos:<\/p>\n\n\n\n<ul class=\"wp-block-list\">\n<li>Derecho de acceso a sus datos personales para saber cu\u00e1les est\u00e1n siendo objeto de tratamiento.<\/li>\n\n\n\n<li>Derecho de rectificaci\u00f3n de cualquier dato personal inexacto.<\/li>\n\n\n\n<li>Derecho de supresi\u00f3n de sus datos personales, cuando esto sea posible;<\/li>\n\n\n\n<li>Derecho a solicitar la limitaci\u00f3n del tratamiento de sus datos personales cuando la exactitud, la legalidad o la necesidad del tratamiento de los datos resulte dudosa, en cuyo caso, podremos conservar los datos para el ejercicio o la defensa de reclamaciones.<\/li>\n\n\n\n<li>Derecho de oposici\u00f3n al tratamiento de sus datos personales, cuando la base legal que nos habilite para su tratamiento sea el inter\u00e9s leg\u00edtimo.&nbsp;<strong>JASO<\/strong>&nbsp;dejar\u00e1 de tratar sus datos salvo que tenga un inter\u00e9s leg\u00edtimo imperioso o para la formulaci\u00f3n, el ejercicio o la defensa de reclamaciones.<\/li>\n\n\n\n<li>Derecho a la portabilidad de sus datos, cuando la base legal que nos habilite para su tratamiento de las indicadas sea su consentimiento.<\/li>\n<\/ul>\n\n\n\n<p>Dichos derechos podr\u00e1n ser ejercitados gratuitamente por el interesado, y en su caso quien lo represente, mediante solicitud escrita dirigida a <a href=\"mailto:jaso@jaso.com\">jaso@jaso.com<\/a>.\u00a0<\/p>\n\n\n\n<p>Adem\u00e1s de los anteriores derechos, el interesado tendr\u00e1 derecho a retirar el consentimiento otorgado en cualquier momento sin que dicha retirada de consentimiento afecte a la licitud del tratamiento anterior a la retirada del mismo.&nbsp;<strong>JASO<\/strong>&nbsp;podr\u00e1 continuar tratando los datos del interesado en la medida en que la ley aplicable lo permita.<\/p>\n\n\n\n<p><strong>JASO<\/strong>&nbsp;recuerda al interesado que tiene derecho a presentar una reclamaci\u00f3n ante la Autoridad de Control competente del pa\u00eds en el que se encuentra.<\/p>\n\n\n\n<p><strong>\u00bfQu\u00e9 medidas de seguridad tenemos implementadas?<\/strong><\/p>\n\n\n\n<p><strong>JASO<\/strong>&nbsp;se compromete al cumplimiento de su obligaci\u00f3n de secreto de los datos de car\u00e1cter personal y de su deber de guardarlos, y adoptar\u00e1 las medidas necesarias para evitar su alteraci\u00f3n, p\u00e9rdida, tratamiento o acceso no autorizado, de acuerdo con lo establecido por normativa aplicable.<\/p>\n\n\n\n<p><strong>JASO<\/strong>&nbsp;tiene implementadas las medidas de seguridad de \u00edndole t\u00e9cnica y organizativas necesarias para garantizar la seguridad de sus datos de car\u00e1cter personal y evitar su alteraci\u00f3n, p\u00e9rdida y tratamiento y\/o acceso no autorizado, habida cuenta del estado de la tecnolog\u00eda, la naturaleza de los datos almacenados y los riesgos a que est\u00e1n expuestos, ya provengan de la acci\u00f3n humana o del medio f\u00edsico o natural, de acuerdo a lo establecido por la normativa aplicable.<\/p>\n\n\n\n<p><strong>Confidencialidad<\/strong><\/p>\n\n\n\n<p>Los datos personales que podamos recabar a trav\u00e9s del sitio web o por medio de las distintas comunicaciones que mantengamos contigo ser\u00e1n tratados con confidencialidad, comprometi\u00e9ndonos a guardar secreto respecto de los mismos de acuerdo con lo establecido en la legislaci\u00f3n aplicable.<\/p>\n\n\n\n<p><strong>Links a otros sitios web<\/strong><\/p>\n\n\n\n<p>Esta p\u00e1gina web puede incluir hiperv\u00ednculos a otros sitios que no son operados o controlados por&nbsp;<strong>JASO<\/strong>. Por ello,&nbsp;<strong>JASO<\/strong>&nbsp;no garantiza, ni se hace responsable de la licitud, fiabilidad, utilidad, veracidad y actualidad de los contenidos de tales sitios web o de sus pr\u00e1cticas de privacidad. Por favor antes de proporcionar su informaci\u00f3n personal a estos sitios web ajenos a&nbsp;<strong>JASO<\/strong>&nbsp;tenga en cuenta que su cumplimiento en materia de protecci\u00f3n de datos puede diferir del nuestro.<\/p>\n\n\n\n<p><strong>Actualizaci\u00f3n de la pol\u00edtica de privacidad<\/strong><\/p>\n\n\n\n<p>El contenido de la pol\u00edtica de protecci\u00f3n de datos podr\u00e1 ser objeto de modificaci\u00f3n para adaptarlo a cambios legislativos que puedan producirse, as\u00ed como a criterios y posiciones emitidas por las autoridades de control. En todo caso, cualquier modificaci\u00f3n de la Pol\u00edtica de Privacidad le ser\u00e1 debidamente notificada al Afectado para que, quede informado de los cambios realizados en el tratamiento de sus datos personales y, en caso de que la normativa aplicable as\u00ed lo exija, el Afectado pueda otorgar su consentimiento.<\/p>\n","protected":false},"excerpt":{"rendered":"<p>En&nbsp;JASO EQUIPOS DE OBRAS Y CONSTRUCCIONES, S.L.&nbsp;(en adelante, \u201cJASO\u201d), nos preocupamos por los datos personales que tratamos y por el exacto cumplimiento de la normativa vigente aplicable en dicha materia. Por eso hemos elaborado la presente Pol\u00edtica de Privacidad (en adelante, la \u201cPOL\u00cdTICA DE PRIVACIDAD\u201d) que regula, con car\u00e1cter general, la recogida y tratamiento por [&hellip;]<\/p>\n","protected":false},"author":3,"featured_media":0,"parent":0,"menu_order":0,"comment_status":"closed","ping_status":"closed","template":"","meta":{"_acf_changed":false,"footnotes":""},"class_list":["post-674","page","type-page","status-publish","hentry"],"acf":[],"yoast_head":"<!-- This site is optimized with the Yoast SEO plugin v27.3 - https:\/\/yoast.com\/product\/yoast-seo-wordpress\/ -->\n<title>Pol\u00edtica de privacidad - Fabricante de gr\u00faas torre - JASO Tower Cranes<\/title>\n<meta name=\"robots\" content=\"index, follow, max-snippet:-1, max-image-preview:large, max-video-preview:-1\" \/>\n<link rel=\"canonical\" href=\"https:\/\/jaso.com\/tower\/politica-de-privacidad\/\" \/>\n<meta property=\"og:locale\" content=\"es_ES\" \/>\n<meta property=\"og:type\" content=\"article\" \/>\n<meta property=\"og:title\" content=\"Pol\u00edtica de privacidad - Fabricante de gr\u00faas torre - JASO Tower Cranes\" \/>\n<meta property=\"og:description\" content=\"En&nbsp;JASO EQUIPOS DE OBRAS Y CONSTRUCCIONES, S.L.&nbsp;(en adelante, \u201cJASO\u201d), nos preocupamos por los datos personales que tratamos y por el exacto cumplimiento de la normativa vigente aplicable en dicha materia. Por eso hemos elaborado la presente Pol\u00edtica de Privacidad (en adelante, la \u201cPOL\u00cdTICA DE PRIVACIDAD\u201d) que regula, con car\u00e1cter general, la recogida y tratamiento por [&hellip;]\" \/>\n<meta property=\"og:url\" content=\"https:\/\/jaso.com\/tower\/politica-de-privacidad\/\" \/>\n<meta property=\"og:site_name\" content=\"Fabricante de gr\u00faas torre - JASO Tower Cranes\" \/>\n<meta property=\"article:modified_time\" content=\"2025-02-11T11:31:08+00:00\" \/>\n<meta property=\"og:image\" content=\"https:\/\/jaso.com\/tower\/wp-content\/uploads\/2023\/01\/flat-topDJI_0102-zoomed-in.jpg\" \/>\n\t<meta property=\"og:image:width\" content=\"1000\" \/>\n\t<meta property=\"og:image:height\" content=\"619\" \/>\n\t<meta property=\"og:image:type\" content=\"image\/jpeg\" \/>\n<meta name=\"twitter:card\" content=\"summary_large_image\" \/>\n<meta name=\"twitter:label1\" content=\"Tiempo de lectura\" \/>\n\t<meta name=\"twitter:data1\" content=\"7 minutos\" \/>\n<script type=\"application\/ld+json\" class=\"yoast-schema-graph\">{\"@context\":\"https:\\\/\\\/schema.org\",\"@graph\":[{\"@type\":\"WebPage\",\"@id\":\"https:\\\/\\\/jaso.com\\\/tower\\\/politica-de-privacidad\\\/\",\"url\":\"https:\\\/\\\/jaso.com\\\/tower\\\/politica-de-privacidad\\\/\",\"name\":\"Pol\u00edtica de privacidad - Fabricante de gr\u00faas torre - JASO Tower Cranes\",\"isPartOf\":{\"@id\":\"https:\\\/\\\/jaso.com\\\/tower\\\/#website\"},\"datePublished\":\"2023-02-06T13:54:11+00:00\",\"dateModified\":\"2025-02-11T11:31:08+00:00\",\"breadcrumb\":{\"@id\":\"https:\\\/\\\/jaso.com\\\/tower\\\/politica-de-privacidad\\\/#breadcrumb\"},\"inLanguage\":\"es\",\"potentialAction\":[{\"@type\":\"ReadAction\",\"target\":[\"https:\\\/\\\/jaso.com\\\/tower\\\/politica-de-privacidad\\\/\"]}]},{\"@type\":\"BreadcrumbList\",\"@id\":\"https:\\\/\\\/jaso.com\\\/tower\\\/politica-de-privacidad\\\/#breadcrumb\",\"itemListElement\":[{\"@type\":\"ListItem\",\"position\":1,\"name\":\"Portada\",\"item\":\"https:\\\/\\\/jaso.com\\\/tower\\\/\"},{\"@type\":\"ListItem\",\"position\":2,\"name\":\"Pol\u00edtica de privacidad\"}]},{\"@type\":\"WebSite\",\"@id\":\"https:\\\/\\\/jaso.com\\\/tower\\\/#website\",\"url\":\"https:\\\/\\\/jaso.com\\\/tower\\\/\",\"name\":\"JASO Tower Cranes - Fabricantes de gr\u00faas torre\",\"description\":\"Fabricamos las gr\u00faas que construyen el mundo. Somos un fabricante referente a nivel global de gr\u00faas torre. Ofrecemos una completa soluci\u00f3n de gr\u00faas torre.\",\"publisher\":{\"@id\":\"https:\\\/\\\/jaso.com\\\/tower\\\/#organization\"},\"alternateName\":\"JASO Tower Cranes\",\"potentialAction\":[{\"@type\":\"SearchAction\",\"target\":{\"@type\":\"EntryPoint\",\"urlTemplate\":\"https:\\\/\\\/jaso.com\\\/tower\\\/?s={search_term_string}\"},\"query-input\":{\"@type\":\"PropertyValueSpecification\",\"valueRequired\":true,\"valueName\":\"search_term_string\"}}],\"inLanguage\":\"es\"},{\"@type\":\"Organization\",\"@id\":\"https:\\\/\\\/jaso.com\\\/tower\\\/#organization\",\"name\":\"JASO Tower Cranes\",\"alternateName\":\"JASO\",\"url\":\"https:\\\/\\\/jaso.com\\\/tower\\\/\",\"logo\":{\"@type\":\"ImageObject\",\"inLanguage\":\"es\",\"@id\":\"https:\\\/\\\/jaso.com\\\/tower\\\/#\\\/schema\\\/logo\\\/image\\\/\",\"url\":\"https:\\\/\\\/jaso.com\\\/tower\\\/wp-content\\\/uploads\\\/2022\\\/10\\\/jaso_torre.png\",\"contentUrl\":\"https:\\\/\\\/jaso.com\\\/tower\\\/wp-content\\\/uploads\\\/2022\\\/10\\\/jaso_torre.png\",\"width\":1200,\"height\":630,\"caption\":\"JASO Tower Cranes\"},\"image\":{\"@id\":\"https:\\\/\\\/jaso.com\\\/tower\\\/#\\\/schema\\\/logo\\\/image\\\/\"}}]}<\/script>\n<!-- \/ Yoast SEO plugin. -->","yoast_head_json":{"title":"Pol\u00edtica de privacidad - Fabricante de gr\u00faas torre - JASO Tower Cranes","robots":{"index":"index","follow":"follow","max-snippet":"max-snippet:-1","max-image-preview":"max-image-preview:large","max-video-preview":"max-video-preview:-1"},"canonical":"https:\/\/jaso.com\/tower\/politica-de-privacidad\/","og_locale":"es_ES","og_type":"article","og_title":"Pol\u00edtica de privacidad - Fabricante de gr\u00faas torre - JASO Tower Cranes","og_description":"En&nbsp;JASO EQUIPOS DE OBRAS Y CONSTRUCCIONES, S.L.&nbsp;(en adelante, \u201cJASO\u201d), nos preocupamos por los datos personales que tratamos y por el exacto cumplimiento de la normativa vigente aplicable en dicha materia. Por eso hemos elaborado la presente Pol\u00edtica de Privacidad (en adelante, la \u201cPOL\u00cdTICA DE PRIVACIDAD\u201d) que regula, con car\u00e1cter general, la recogida y tratamiento por [&hellip;]","og_url":"https:\/\/jaso.com\/tower\/politica-de-privacidad\/","og_site_name":"Fabricante de gr\u00faas torre - JASO Tower Cranes","article_modified_time":"2025-02-11T11:31:08+00:00","og_image":[{"width":1000,"height":619,"url":"https:\/\/jaso.com\/tower\/wp-content\/uploads\/2023\/01\/flat-topDJI_0102-zoomed-in.jpg","type":"image\/jpeg"}],"twitter_card":"summary_large_image","twitter_misc":{"Tiempo de lectura":"7 minutos"},"schema":{"@context":"https:\/\/schema.org","@graph":[{"@type":"WebPage","@id":"https:\/\/jaso.com\/tower\/politica-de-privacidad\/","url":"https:\/\/jaso.com\/tower\/politica-de-privacidad\/","name":"Pol\u00edtica de privacidad - Fabricante de gr\u00faas torre - JASO Tower Cranes","isPartOf":{"@id":"https:\/\/jaso.com\/tower\/#website"},"datePublished":"2023-02-06T13:54:11+00:00","dateModified":"2025-02-11T11:31:08+00:00","breadcrumb":{"@id":"https:\/\/jaso.com\/tower\/politica-de-privacidad\/#breadcrumb"},"inLanguage":"es","potentialAction":[{"@type":"ReadAction","target":["https:\/\/jaso.com\/tower\/politica-de-privacidad\/"]}]},{"@type":"BreadcrumbList","@id":"https:\/\/jaso.com\/tower\/politica-de-privacidad\/#breadcrumb","itemListElement":[{"@type":"ListItem","position":1,"name":"Portada","item":"https:\/\/jaso.com\/tower\/"},{"@type":"ListItem","position":2,"name":"Pol\u00edtica de privacidad"}]},{"@type":"WebSite","@id":"https:\/\/jaso.com\/tower\/#website","url":"https:\/\/jaso.com\/tower\/","name":"JASO Tower Cranes - Fabricantes de gr\u00faas torre","description":"Fabricamos las gr\u00faas que construyen el mundo. Somos un fabricante referente a nivel global de gr\u00faas torre. Ofrecemos una completa soluci\u00f3n de gr\u00faas torre.","publisher":{"@id":"https:\/\/jaso.com\/tower\/#organization"},"alternateName":"JASO Tower Cranes","potentialAction":[{"@type":"SearchAction","target":{"@type":"EntryPoint","urlTemplate":"https:\/\/jaso.com\/tower\/?s={search_term_string}"},"query-input":{"@type":"PropertyValueSpecification","valueRequired":true,"valueName":"search_term_string"}}],"inLanguage":"es"},{"@type":"Organization","@id":"https:\/\/jaso.com\/tower\/#organization","name":"JASO Tower Cranes","alternateName":"JASO","url":"https:\/\/jaso.com\/tower\/","logo":{"@type":"ImageObject","inLanguage":"es","@id":"https:\/\/jaso.com\/tower\/#\/schema\/logo\/image\/","url":"https:\/\/jaso.com\/tower\/wp-content\/uploads\/2022\/10\/jaso_torre.png","contentUrl":"https:\/\/jaso.com\/tower\/wp-content\/uploads\/2022\/10\/jaso_torre.png","width":1200,"height":630,"caption":"JASO Tower Cranes"},"image":{"@id":"https:\/\/jaso.com\/tower\/#\/schema\/logo\/image\/"}}]}},"_links":{"self":[{"href":"https:\/\/jaso.com\/tower\/wp-json\/wp\/v2\/pages\/674","targetHints":{"allow":["GET"]}}],"collection":[{"href":"https:\/\/jaso.com\/tower\/wp-json\/wp\/v2\/pages"}],"about":[{"href":"https:\/\/jaso.com\/tower\/wp-json\/wp\/v2\/types\/page"}],"author":[{"embeddable":true,"href":"https:\/\/jaso.com\/tower\/wp-json\/wp\/v2\/users\/3"}],"replies":[{"embeddable":true,"href":"https:\/\/jaso.com\/tower\/wp-json\/wp\/v2\/comments?post=674"}],"version-history":[{"count":7,"href":"https:\/\/jaso.com\/tower\/wp-json\/wp\/v2\/pages\/674\/revisions"}],"predecessor-version":[{"id":5726,"href":"https:\/\/jaso.com\/tower\/wp-json\/wp\/v2\/pages\/674\/revisions\/5726"}],"wp:attachment":[{"href":"https:\/\/jaso.com\/tower\/wp-json\/wp\/v2\/media?parent=674"}],"curies":[{"name":"wp","href":"https:\/\/api.w.org\/{rel}","templated":true}]}}