{"id":1160,"date":"2023-02-15T13:39:38","date_gmt":"2023-02-15T13:39:38","guid":{"rendered":"https:\/\/jaso.com\/tower\/?page_id=1160"},"modified":"2025-02-11T11:25:50","modified_gmt":"2025-02-11T11:25:50","slug":"aviso-legal","status":"publish","type":"page","link":"https:\/\/jaso.com\/tower\/aviso-legal\/","title":{"rendered":"Aviso legal"},"content":{"rendered":"\n<p><strong>NFORMACI\u00d3N LEGAL<\/strong><\/p>\n\n\n\n<p>El art\u00edculo 10 de la Ley 34\/2002, de 11 de julio, de Servicios de la Sociedad de la Informaci\u00f3n y de Comercio Electr\u00f3nico, establece que el prestador de servicios de la sociedad de la informaci\u00f3n estar\u00e1 obligado a disponer de los medios que permitan, tanto a los destinatarios del servicio como a los \u00f3rganos competentes, acceder por medios electr\u00f3nicos, de forma permanente, f\u00e1cil, directa y gratuita, a la siguiente informaci\u00f3n:<\/p>\n\n\n\n<p>Nombre del dominio:&nbsp;<a href=\"https:\/\/jaso.com\/tower\/es\/\">https:\/\/jaso.com\/tower\/<\/a><\/p>\n\n\n\n<p>e-mail: <a href=\"mailto:jaso@jaso.com\">jaso@jaso.com<\/a><\/p>\n\n\n\n<p>Propietario:&nbsp;<strong>JASO EQUIPOS DE OBRAS Y CONSTRUCCIONES, S.L.<\/strong>, sociedad con domicilio social en Ctra. Madrid-Ir\u00fan, Km. 412, 20213 Idiaz\u00e1bal (Guipuzcoa), ESPA\u00d1A-SPAIN, inscrita en el Registro Mercantil de GIPUZKOA, Tomo 1.963, Folio 140, Hoja SS-20761 y con C.I.F. B20775839 (en adelante, \u201c<strong>JASO<\/strong>\u201d).<\/p>\n\n\n\n<p><strong>CONDICIONES DE USO<\/strong><\/p>\n\n\n\n<p><strong>\u00c1mbito, objeto y alcance<\/strong><\/p>\n\n\n\n<p>Las presentes disposiciones (en adelante, las \u201c<strong>CONDICIONES DE USO<\/strong>\u201d), regulan el acceso y uso del servicio de la p\u00e1gina web que JASO pone a disposici\u00f3n de los Usuarios de Internet (en adelante, el\/los \u201c<strong>USUARIO\/S<\/strong>\u201d) a trav\u00e9s del dominio&nbsp;<a href=\"https:\/\/jaso.com\/tower\/es\/\">https:\/\/jaso.com\/tower\/<\/a>&nbsp;(en adelante, el \u201c<strong>WEBSITE<\/strong>\u201d).<\/p>\n\n\n\n<p>Sin perjuicio de lo antedicho, el acceso a determinados contenidos y la utilizaci\u00f3n de algunos de los servicios que JASO ponga a disposici\u00f3n del USUARIO a trav\u00e9s del WEBSITE podr\u00edan encontrarse sujetos a determinadas condiciones particulares (en adelante, las \u201c<strong>CONDICIONES PARTICULARES<\/strong>\u201d) que, seg\u00fan el caso, sustituir\u00e1n, completar\u00e1n y\/o modificar\u00e1n las presentes CONDICIONES DE USO y que, en caso de contradicci\u00f3n, prevalecer\u00e1n sobre \u00e9stas. Dichas CONDICIONES PARTICULARES, cuando sean de aplicaci\u00f3n, estar\u00e1n a disposici\u00f3n de los USUARIOS en el propio WEBSITE.<\/p>\n\n\n\n<p>En consecuencia, antes de acceder a dichos contenidos y\/o utilizar dichos servicios, el USUARIO deber\u00e1 leer atentamente y, en su caso, aceptar las CONDICIONES PARTICULARES que los regulen en la versi\u00f3n publicada en el momento en que se produzca el referido acceso y\/o utilizaci\u00f3n.<\/p>\n\n\n\n<p>JASO se reserva la facultad de realizar, en cualquier momento y sin necesidad de preaviso alguno, cualquier modificaci\u00f3n o actualizaci\u00f3n de los contenidos, de las presentes CONDICIONES DE USO, as\u00ed como, en su caso, de las correspondientes CONDICIONES PARTICULARES y, en general, de cuantos elementos integren el dise\u00f1o y configuraci\u00f3n del WEBSITE.<\/p>\n\n\n\n<p>Regir\u00e1n las CONDICIONES DE USO publicadas en la \u00faltima actualizaci\u00f3n del WEBSITE, siendo de aplicaci\u00f3n en cada visita, las que est\u00e9n publicadas en ese momento en el propio WEBSITE.<\/p>\n\n\n\n<p>El USUARIO mediante el acceso al WEBSITE consiente y acepta, expresamente y sin reservas, las presentes CONDICIONES DE USO en virtud de las cuales se determina el r\u00e9gimen de utilizaci\u00f3n del mismo, teniendo dicha aceptaci\u00f3n la misma validez y eficacia que cualquier contrato celebrado por escrito y firmado. En el supuesto de que el USUARIO no acepte \u00edntegramente las presentes CONDICIONES DE USO no estar\u00e1 autorizado a acceder al WEBSITE.<\/p>\n\n\n\n<p><strong>Registro de USUARIO y contrase\u00f1a<\/strong><\/p>\n\n\n\n<p>Cuando la utilizaci\u00f3n del WEBSITE y\/o el acceso a determinados contenidos y\/o servicios puestos a su disposici\u00f3n por JASO a trav\u00e9s del mismo, requiriesen el registro del USUARIO, \u00e9ste ser\u00e1 responsable de aportar informaci\u00f3n veraz y l\u00edcita a tal efecto.<\/p>\n\n\n\n<p>Mediante dicho registro, que se materializar\u00e1 en la forma que en cada momento tenga establecida al efecto JASO, se asignar\u00e1 al USUARIO (i) un identificador \u201clog\u201d; y (ii) una contrase\u00f1a, que permitir\u00e1n a \u00e9ste iniciar la sesi\u00f3n, en cualquier momento, como usuario registrado del WEBSITE.<\/p>\n\n\n\n<p>El USUARIO estar\u00e1 obligado al uso diligente del identificador y la contrase\u00f1a que se le asignen y ser\u00e1 responsable de la adecuada custodia y confidencialidad de los mismos, comprometi\u00e9ndose a no ceder su uso a terceros, ya sea temporal o permanentemente, y a no permitir su acceso a personas ajenas.<\/p>\n\n\n\n<p>En caso de robo, extrav\u00edo o acceso no autorizado a su identificador y contrase\u00f1a, el USUARIO ser\u00e1 responsable de notificar inmediatamente a JASO dicha circunstancia al objeto de que \u00e9sta pueda proceder a su cancelaci\u00f3n. En ning\u00fan caso JASO ser\u00e1 responsable de las acciones realizadas por terceros no autorizados que utilicen el identificador y la contrase\u00f1a del USUARIO mientras no se produzca la referida notificaci\u00f3n del USUARIO.<\/p>\n\n\n\n<p><strong>Condiciones econ\u00f3micas del acceso y uso del WEBSITE<\/strong><\/p>\n\n\n\n<p>Salvo que, en su caso, se disponga otra cosa en las CONDICIONES PARTICULARES, el acceso al WEBSITE y a sus contenidos son gratuitos, excepto en lo que hace referencia al coste de conexi\u00f3n a la red de telecomunicaciones que el USUARIO tenga contratado con su proveedor.<\/p>\n\n\n\n<p><strong>Derechos de Propiedad Industrial e Intelectual<\/strong><\/p>\n\n\n\n<p>Todos los derechos de Propiedad Industrial e Intelectual sobre el WEBSITE est\u00e1n legalmente reservados y el acceso a los mismos o su utilizaci\u00f3n por parte del USUARIO, no debe considerarse, en forma alguna como el otorgamiento de ninguna licencia de uso o derecho sobre cualquier activo cuya titularidad o propiedad corresponda a JASO y\/o a cualesquiera terceros. La presente reserva de derechos alcanza tanto (i) a la apariencia externa (look and feel) y al propio c\u00f3digo, dise\u00f1o y estructura de navegaci\u00f3n del WEBSITE; como (ii) a los contenidos que bajo cualquier formato puedan incluirse y distribuirse a trav\u00e9s del WEBSITE y, en especial, a cualesquiera cat\u00e1logos, programas y carteler\u00eda que JASO incluya en el WEBSITE.<\/p>\n\n\n\n<p>La inclusi\u00f3n en el WEBSITE de referencias a nombres comerciales, marcas, logotipos u otros signos distintivos, se hallen registrados o no, ya sean titularidad de JASO o de terceros, est\u00e1 sujeta a la prohibici\u00f3n de uso de los mismos sin el consentimiento expreso de JASO o de su leg\u00edtimo titular.<\/p>\n\n\n\n<p>En consecuencia, el USUARIO \u00fanicamente podr\u00e1 visualizar y utilizar los contenidos y servicios puestos a su disposici\u00f3n a trav\u00e9s del WEBSITE con car\u00e1cter estrictamente personal y privado, y siempre que no sea con la finalidad de desarrollar actuaciones comerciales o profesionales con dichos contenidos y\/o servicios.<\/p>\n\n\n\n<p>Queda asimismo prohibido descompilar, desensamblar, realizar ingenier\u00eda inversa, sublicenciar o transmitir de cualquier modo, traducir o realizar obras derivadas de los programas de ordenador necesarios para el funcionamiento, acceso y utilizaci\u00f3n del WEBSITE. El USUARIO deber\u00e1 abstenerse en todo caso de suprimir, alterar, eludir o manipular cualquier dispositivo de protecci\u00f3n o sistemas de seguridad que puedan estar instalados en el WEBSITE.<\/p>\n\n\n\n<p><strong>Responsabilidad y garant\u00edas<\/strong><\/p>\n\n\n\n<p>Quien utiliza el WEBSITE, lo hace por su propia cuenta y riesgo. El USUARIO, mediante su acceso al WEBSITE, se obliga a (i) no llevar a cabo ninguna conducta que pudiera da\u00f1ar la imagen, los intereses y los derechos de JASO o de terceros o que pudiera da\u00f1ar, inutilizar o sobrecargar el WEBSITE o que impidiera, de cualquier forma, la normal utilizaci\u00f3n del mismo; y (ii) utilizarlo de manera plenamente conforme con las Leyes y los usos del tr\u00e1fico.<\/p>\n\n\n\n<p>En consecuencia, el USUARIO responder\u00e1, frente a JASO y\/o frente a terceros, de cualesquiera da\u00f1os y perjuicios que pudieran causarse como consecuencia del incumplimiento de dichas obligaciones.<\/p>\n\n\n\n<p>JASO adopta las medidas de seguridad que considera pertinentes para mantener el correcto funcionamiento del WEBSITE y detectar la existencia de virus y componentes da\u00f1inos. Ello no obstante, el USUARIO debe ser consciente de que las medidas de seguridad de los sistemas inform\u00e1ticos en Internet no son enteramente fiables y que, por tanto, JASO no puede garantizar (i) la continua disponibilidad de los contenidos y servicios recogidos en el WEBSITE; (ii) la ausencia de errores en dichos contenidos ni la correcci\u00f3n de cualquier defecto que pueda ocurrir; (iii) la inexistencia de virus u otros elementos da\u00f1inos que puedan producir alteraciones en los sistemas inform\u00e1ticos (software y hardware) del USUARIO o en sus documentos electr\u00f3nicos y ficheros contenidos en los mismos; ni (iv) la infalibilidad de las medidas de seguridad adoptadas.<\/p>\n\n\n\n<p>Asimismo, JASO se reserva el derecho de interrumpir parcial o totalmente el servicio, de manera temporal o definitiva, ante cambios t\u00e9cnicos o aver\u00edas, comunic\u00e1ndolo previamente, si es posible, a trav\u00e9s del WEBSITE o a trav\u00e9s de cualquier otro medio habilitado al efecto.<\/p>\n\n\n\n<p><strong>ENLACES<\/strong><\/p>\n\n\n\n<p><strong>Sitios enlazados<\/strong><\/p>\n\n\n\n<p>A trav\u00e9s del WEBSITE, JASO pone a disposici\u00f3n del USUARIO dispositivos t\u00e9cnicos de enlace (tales como botones, links y banners) que pueden conducir al USUARIO a otros sitios o portales de Internet pertenecientes a\/o gestionados por terceros y sobre los que JASO no ejerce ning\u00fan tipo de control (en adelante, los \u201c<strong>SITIOS ENLAZADOS<\/strong>\u201d).<\/p>\n\n\n\n<p>El USUARIO debe tener en cuenta que al usar dichos dispositivos de enlace y acceder a los SITIOS ENLAZADOS desde el WEBSITE, las presentes CONDICIONES DE USO dejar\u00e1n de ser aplicables.<\/p>\n\n\n\n<p>JASO no conoce ni controla en modo alguno los contenidos y servicios incluidos en los SITIOS ENLAZADOS, y la inclusi\u00f3n de un acceso a los mismos a trav\u00e9s del WEBSITE no implica, en ning\u00fan caso, (i) que JASO recomiende o apruebe los contenidos y servicios alojados en los SITIOS ENLAZADOS; y\/o (ii) que exista alg\u00fan tipo de relaci\u00f3n, colaboraci\u00f3n o dependencia entre JASO y el responsable del SITIO ENLAZADO.<\/p>\n\n\n\n<p>En consecuencia, JASO no asume ning\u00fan tipo de responsabilidad relativa a los SITIOS ENLAZADOS y, por tanto, no responde de su funcionamiento, de los contenidos y servicios alojados en los mismos, ni de los enlaces contenidos en dichos SITIOS ENLAZADOS.<\/p>\n\n\n\n<p>En el supuesto de que el USUARIO tuviera conocimiento efectivo de la ilicitud o inadecuaci\u00f3n de los contenidos, servicios o cualesquiera otras actividades desarrolladas a trav\u00e9s de un SITIO ENLAZADO, deber\u00e1 comunicarlo inmediatamente a JASO a los efectos de que, en su caso, \u00e9sta adopte las medidas que considere oportunas.<\/p>\n\n\n\n<p><strong>Hiperv\u00ednculos<\/strong><\/p>\n\n\n\n<p>Se autoriza el establecimiento de links de hipertexto (hiperv\u00ednculos) en otros sitios o p\u00e1ginas webs, siempre que est\u00e9n dirigidos a la home page de&nbsp;<a href=\"https:\/\/jaso.com\/tower\/es\/\">https:\/\/jaso.com\/tower\/<\/a>, o en su caso, a cualquier otra p\u00e1gina interna (deep link) del WEBSITE y que las correspondientes p\u00e1ginas aparezcan en una ventana completa y bajo sus respectivas direcciones URL, asumiendo su total responsabilidad y riesgo que pudiera derivarse por establecer el hiperv\u00ednculo al WEBSITE.<\/p>\n\n\n\n<p>En el sitio o p\u00e1gina web que establezca el hiperv\u00ednculo no podr\u00e1 declararse de ninguna manera que JASO ha autorizado dicho hiperv\u00ednculo, salvo que JASO lo hubiera hecho expresamente y por escrito.<\/p>\n\n\n\n<p>Si el tercero que introduzca el hiperv\u00ednculo en su sitio o p\u00e1gina web deseara incluir en \u00e9l la marca, denominaci\u00f3n, nombre comercial, r\u00f3tulo, logotipo o cualquier otro elemento identificativo titularidad de JASO y\/o referente al WEBSITE, deber\u00e1 contar para ello con la autorizaci\u00f3n previa, expresa y por escrito de JASO.<\/p>\n\n\n\n<p>Sin perjuicio de todo lo antedicho, queda expresamente prohibida la presentaci\u00f3n de una p\u00e1gina del sitio web&nbsp;<a href=\"https:\/\/jaso.com\/tower\/es\/\">https:\/\/jaso.com\/tower\/<\/a>&nbsp;en una ventana de otro website que no pertenezca a JASO mediante la t\u00e9cnica denominada \u201cframing\u201d, a no ser que cuente con el expreso consentimiento de JASO.<\/p>\n\n\n\n<p>Asimismo, queda expresamente prohibida la inserci\u00f3n de cualquier tipo de contenido difundido a trav\u00e9s de&nbsp;<a href=\"https:\/\/jaso.com\/tower\/es\/\">https:\/\/jaso.com\/tower\/<\/a>&nbsp;, en otro sitio o p\u00e1gina web distinto al WEBSITE mediante la t\u00e9cnica denominada \u201cin line linking\u201d, si ello no cuenta con el expreso consentimiento de JASO.<\/p>\n\n\n\n<p>El establecimiento de un hiperv\u00ednculo conforme a las antedichas condiciones no implicar\u00e1, en ning\u00fan caso, la existencia de relaciones entre JASO y el propietario\/responsable del sitio o p\u00e1gina web en la que se establezca dicho hiperv\u00ednculo, ni la aceptaci\u00f3n o aprobaci\u00f3n por parte de JASO de sus contenidos y\/o servicios.<\/p>\n\n\n\n<p>En todo caso, JASO se reserva el derecho a prohibir o inutilizar en cualquier momento cualquier hiperv\u00ednculo al WEBSITE, especialmente en los supuestos de ilicitud de la actividad y\/o contenidos del sitio o p\u00e1gina web en el que \u00e9ste se incluya.<\/p>\n\n\n\n<p><strong>POL\u00cdTICA DE PRIVACIDAD. PROTECCI\u00d3N DE DATOS PERSONALES<\/strong><\/p>\n\n\n\n<p>JASO EQUIPOS DE OBRAS Y CONSTRUCCIONES, S.L.. se compromete al tratamiento de los datos personales facilitados por los usuarios de esta p\u00e1gina Web de manera respetuosa con los derechos de sus titulares y de conformidad a la normativa de protecci\u00f3n de datos vigente en cada momento.<\/p>\n\n\n\n<p>Los formularios de contacto, de solicitud de documentaci\u00f3n, de suscripci\u00f3n al newsletter, el \u00e1rea privada y otros espacios de la p\u00e1gina web en los que se prestan servicios al usuario, requieren que el usuario facilite sus datos personales con el fin de poder gestionar el servicio solicitado. Cada formulario web de recogida de datos dispone de un enlace a la&nbsp;<a href=\"https:\/\/jaso.com\/tower\/politica-de-privacidad\/\">pol\u00edtica de protecci\u00f3n de datos<\/a>, cuya aceptaci\u00f3n expresa a trav\u00e9s de la casilla correspondiente ser\u00e1 necesaria para tenerlo por cumplimentado y poder completar el proceso de env\u00edo.<\/p>\n\n\n\n<p>El contenido de la pol\u00edtica de protecci\u00f3n de datos podr\u00e1 ser objeto de modificaci\u00f3n para adaptarlo a cambios legislativos que puedan producirse, as\u00ed como a criterios y posiciones emitidas por las Autoridades de control.<\/p>\n\n\n\n<p>El usuario puede ejercitar sus derechos de acceso, rectificaci\u00f3n, supresi\u00f3n, oposici\u00f3n, limitaci\u00f3n del tratamiento, portabilidad de los datos y oposici\u00f3n frente a decisiones individuales automatizadas, mediante correo electr\u00f3nico dirigido a la direcci\u00f3n <a href=\"mailto:jaso@jaso.com\">jaso@jaso.com<\/a> o a la direcci\u00f3n postal antes indicada.<\/p>\n\n\n\n<p>El USUARIO dispone de la informaci\u00f3n detallada acerca del tratamiento de sus datos personales por parte de JASO en el siguiente&nbsp;<a href=\"https:\/\/jaso.com\/tower\/politica-de-privacidad\/\">enlace<\/a>.<\/p>\n\n\n\n<p><strong>POL\u00cdTICA DE COOKIES<\/strong><\/p>\n\n\n\n<p>El WEBSITE utiliza archivos cookies y\/u otros dispositivos de almacenamiento y recuperaci\u00f3n de datos an\u00e1logos.<\/p>\n\n\n\n<p>JASO tiene establecida una \u201cPol\u00edtica de Cookies\u201d que se encuentra accesible a trav\u00e9s del siguiente&nbsp;<a href=\"https:\/\/jaso.com\/tower\/politica-de-cookies\/\">enlace<\/a>.<\/p>\n\n\n\n<p><strong>LEGISLACI\u00d3N Y JURISDICCI\u00d3N APLICABLE<\/strong><\/p>\n\n\n\n<p>Las presentes CONDICIONES DE USO quedan sujetas al ordenamiento jur\u00eddico espa\u00f1ol.<\/p>\n\n\n\n<p>Para la resoluci\u00f3n de cualquier conflicto que pudiera derivarse del acceso al WEBSITE, sus contenidos y\/o los servicios que JASO pone a disposici\u00f3n del USUARIO a trav\u00e9s del WEBSITE, el USUARIO y JASO acuerdan someterse expresamente a los Juzgados y Tribunales de Tolosa, con renuncia a cualquier otro fuero general o especial que pudiera corresponderles.<\/p>\n","protected":false},"excerpt":{"rendered":"<p>NFORMACI\u00d3N LEGAL El art\u00edculo 10 de la Ley 34\/2002, de 11 de julio, de Servicios de la Sociedad de la Informaci\u00f3n y de Comercio Electr\u00f3nico, establece que el prestador de servicios de la sociedad de la informaci\u00f3n estar\u00e1 obligado a disponer de los medios que permitan, tanto a los destinatarios del servicio como a los [&hellip;]<\/p>\n","protected":false},"author":3,"featured_media":0,"parent":0,"menu_order":0,"comment_status":"closed","ping_status":"closed","template":"","meta":{"_acf_changed":false,"footnotes":""},"class_list":["post-1160","page","type-page","status-publish","hentry"],"acf":[],"yoast_head":"<!-- This site is optimized with the Yoast SEO plugin v27.3 - https:\/\/yoast.com\/product\/yoast-seo-wordpress\/ -->\n<title>Aviso legal - Fabricante de gr\u00faas torre - JASO Tower Cranes<\/title>\n<meta name=\"robots\" content=\"index, follow, max-snippet:-1, max-image-preview:large, max-video-preview:-1\" \/>\n<link rel=\"canonical\" href=\"https:\/\/jaso.com\/tower\/aviso-legal\/\" \/>\n<meta property=\"og:locale\" content=\"es_ES\" \/>\n<meta property=\"og:type\" content=\"article\" \/>\n<meta property=\"og:title\" content=\"Aviso legal - Fabricante de gr\u00faas torre - JASO Tower Cranes\" \/>\n<meta property=\"og:description\" content=\"NFORMACI\u00d3N LEGAL El art\u00edculo 10 de la Ley 34\/2002, de 11 de julio, de Servicios de la Sociedad de la Informaci\u00f3n y de Comercio Electr\u00f3nico, establece que el prestador de servicios de la sociedad de la informaci\u00f3n estar\u00e1 obligado a disponer de los medios que permitan, tanto a los destinatarios del servicio como a los [&hellip;]\" \/>\n<meta property=\"og:url\" content=\"https:\/\/jaso.com\/tower\/aviso-legal\/\" \/>\n<meta property=\"og:site_name\" content=\"Fabricante de gr\u00faas torre - JASO Tower Cranes\" \/>\n<meta property=\"article:modified_time\" content=\"2025-02-11T11:25:50+00:00\" \/>\n<meta property=\"og:image\" content=\"https:\/\/jaso.com\/tower\/wp-content\/uploads\/2023\/01\/flat-topDJI_0102-zoomed-in.jpg\" \/>\n\t<meta property=\"og:image:width\" content=\"1000\" \/>\n\t<meta property=\"og:image:height\" content=\"619\" \/>\n\t<meta property=\"og:image:type\" content=\"image\/jpeg\" \/>\n<meta name=\"twitter:card\" content=\"summary_large_image\" \/>\n<meta name=\"twitter:label1\" content=\"Tiempo de lectura\" \/>\n\t<meta name=\"twitter:data1\" content=\"12 minutos\" \/>\n<script type=\"application\/ld+json\" class=\"yoast-schema-graph\">{\"@context\":\"https:\\\/\\\/schema.org\",\"@graph\":[{\"@type\":\"WebPage\",\"@id\":\"https:\\\/\\\/jaso.com\\\/tower\\\/aviso-legal\\\/\",\"url\":\"https:\\\/\\\/jaso.com\\\/tower\\\/aviso-legal\\\/\",\"name\":\"Aviso legal - Fabricante de gr\u00faas torre - JASO Tower Cranes\",\"isPartOf\":{\"@id\":\"https:\\\/\\\/jaso.com\\\/tower\\\/#website\"},\"datePublished\":\"2023-02-15T13:39:38+00:00\",\"dateModified\":\"2025-02-11T11:25:50+00:00\",\"breadcrumb\":{\"@id\":\"https:\\\/\\\/jaso.com\\\/tower\\\/aviso-legal\\\/#breadcrumb\"},\"inLanguage\":\"es\",\"potentialAction\":[{\"@type\":\"ReadAction\",\"target\":[\"https:\\\/\\\/jaso.com\\\/tower\\\/aviso-legal\\\/\"]}]},{\"@type\":\"BreadcrumbList\",\"@id\":\"https:\\\/\\\/jaso.com\\\/tower\\\/aviso-legal\\\/#breadcrumb\",\"itemListElement\":[{\"@type\":\"ListItem\",\"position\":1,\"name\":\"Portada\",\"item\":\"https:\\\/\\\/jaso.com\\\/tower\\\/\"},{\"@type\":\"ListItem\",\"position\":2,\"name\":\"Aviso legal\"}]},{\"@type\":\"WebSite\",\"@id\":\"https:\\\/\\\/jaso.com\\\/tower\\\/#website\",\"url\":\"https:\\\/\\\/jaso.com\\\/tower\\\/\",\"name\":\"JASO Tower Cranes - Fabricantes de gr\u00faas torre\",\"description\":\"Fabricamos las gr\u00faas que construyen el mundo. Somos un fabricante referente a nivel global de gr\u00faas torre. Ofrecemos una completa soluci\u00f3n de gr\u00faas torre.\",\"publisher\":{\"@id\":\"https:\\\/\\\/jaso.com\\\/tower\\\/#organization\"},\"alternateName\":\"JASO Tower Cranes\",\"potentialAction\":[{\"@type\":\"SearchAction\",\"target\":{\"@type\":\"EntryPoint\",\"urlTemplate\":\"https:\\\/\\\/jaso.com\\\/tower\\\/?s={search_term_string}\"},\"query-input\":{\"@type\":\"PropertyValueSpecification\",\"valueRequired\":true,\"valueName\":\"search_term_string\"}}],\"inLanguage\":\"es\"},{\"@type\":\"Organization\",\"@id\":\"https:\\\/\\\/jaso.com\\\/tower\\\/#organization\",\"name\":\"JASO Tower Cranes\",\"alternateName\":\"JASO\",\"url\":\"https:\\\/\\\/jaso.com\\\/tower\\\/\",\"logo\":{\"@type\":\"ImageObject\",\"inLanguage\":\"es\",\"@id\":\"https:\\\/\\\/jaso.com\\\/tower\\\/#\\\/schema\\\/logo\\\/image\\\/\",\"url\":\"https:\\\/\\\/jaso.com\\\/tower\\\/wp-content\\\/uploads\\\/2022\\\/10\\\/jaso_torre.png\",\"contentUrl\":\"https:\\\/\\\/jaso.com\\\/tower\\\/wp-content\\\/uploads\\\/2022\\\/10\\\/jaso_torre.png\",\"width\":1200,\"height\":630,\"caption\":\"JASO Tower Cranes\"},\"image\":{\"@id\":\"https:\\\/\\\/jaso.com\\\/tower\\\/#\\\/schema\\\/logo\\\/image\\\/\"}}]}<\/script>\n<!-- \/ Yoast SEO plugin. -->","yoast_head_json":{"title":"Aviso legal - Fabricante de gr\u00faas torre - JASO Tower Cranes","robots":{"index":"index","follow":"follow","max-snippet":"max-snippet:-1","max-image-preview":"max-image-preview:large","max-video-preview":"max-video-preview:-1"},"canonical":"https:\/\/jaso.com\/tower\/aviso-legal\/","og_locale":"es_ES","og_type":"article","og_title":"Aviso legal - Fabricante de gr\u00faas torre - JASO Tower Cranes","og_description":"NFORMACI\u00d3N LEGAL El art\u00edculo 10 de la Ley 34\/2002, de 11 de julio, de Servicios de la Sociedad de la Informaci\u00f3n y de Comercio Electr\u00f3nico, establece que el prestador de servicios de la sociedad de la informaci\u00f3n estar\u00e1 obligado a disponer de los medios que permitan, tanto a los destinatarios del servicio como a los [&hellip;]","og_url":"https:\/\/jaso.com\/tower\/aviso-legal\/","og_site_name":"Fabricante de gr\u00faas torre - JASO Tower Cranes","article_modified_time":"2025-02-11T11:25:50+00:00","og_image":[{"width":1000,"height":619,"url":"https:\/\/jaso.com\/tower\/wp-content\/uploads\/2023\/01\/flat-topDJI_0102-zoomed-in.jpg","type":"image\/jpeg"}],"twitter_card":"summary_large_image","twitter_misc":{"Tiempo de lectura":"12 minutos"},"schema":{"@context":"https:\/\/schema.org","@graph":[{"@type":"WebPage","@id":"https:\/\/jaso.com\/tower\/aviso-legal\/","url":"https:\/\/jaso.com\/tower\/aviso-legal\/","name":"Aviso legal - Fabricante de gr\u00faas torre - JASO Tower Cranes","isPartOf":{"@id":"https:\/\/jaso.com\/tower\/#website"},"datePublished":"2023-02-15T13:39:38+00:00","dateModified":"2025-02-11T11:25:50+00:00","breadcrumb":{"@id":"https:\/\/jaso.com\/tower\/aviso-legal\/#breadcrumb"},"inLanguage":"es","potentialAction":[{"@type":"ReadAction","target":["https:\/\/jaso.com\/tower\/aviso-legal\/"]}]},{"@type":"BreadcrumbList","@id":"https:\/\/jaso.com\/tower\/aviso-legal\/#breadcrumb","itemListElement":[{"@type":"ListItem","position":1,"name":"Portada","item":"https:\/\/jaso.com\/tower\/"},{"@type":"ListItem","position":2,"name":"Aviso legal"}]},{"@type":"WebSite","@id":"https:\/\/jaso.com\/tower\/#website","url":"https:\/\/jaso.com\/tower\/","name":"JASO Tower Cranes - Fabricantes de gr\u00faas torre","description":"Fabricamos las gr\u00faas que construyen el mundo. Somos un fabricante referente a nivel global de gr\u00faas torre. Ofrecemos una completa soluci\u00f3n de gr\u00faas torre.","publisher":{"@id":"https:\/\/jaso.com\/tower\/#organization"},"alternateName":"JASO Tower Cranes","potentialAction":[{"@type":"SearchAction","target":{"@type":"EntryPoint","urlTemplate":"https:\/\/jaso.com\/tower\/?s={search_term_string}"},"query-input":{"@type":"PropertyValueSpecification","valueRequired":true,"valueName":"search_term_string"}}],"inLanguage":"es"},{"@type":"Organization","@id":"https:\/\/jaso.com\/tower\/#organization","name":"JASO Tower Cranes","alternateName":"JASO","url":"https:\/\/jaso.com\/tower\/","logo":{"@type":"ImageObject","inLanguage":"es","@id":"https:\/\/jaso.com\/tower\/#\/schema\/logo\/image\/","url":"https:\/\/jaso.com\/tower\/wp-content\/uploads\/2022\/10\/jaso_torre.png","contentUrl":"https:\/\/jaso.com\/tower\/wp-content\/uploads\/2022\/10\/jaso_torre.png","width":1200,"height":630,"caption":"JASO Tower Cranes"},"image":{"@id":"https:\/\/jaso.com\/tower\/#\/schema\/logo\/image\/"}}]}},"_links":{"self":[{"href":"https:\/\/jaso.com\/tower\/wp-json\/wp\/v2\/pages\/1160","targetHints":{"allow":["GET"]}}],"collection":[{"href":"https:\/\/jaso.com\/tower\/wp-json\/wp\/v2\/pages"}],"about":[{"href":"https:\/\/jaso.com\/tower\/wp-json\/wp\/v2\/types\/page"}],"author":[{"embeddable":true,"href":"https:\/\/jaso.com\/tower\/wp-json\/wp\/v2\/users\/3"}],"replies":[{"embeddable":true,"href":"https:\/\/jaso.com\/tower\/wp-json\/wp\/v2\/comments?post=1160"}],"version-history":[{"count":4,"href":"https:\/\/jaso.com\/tower\/wp-json\/wp\/v2\/pages\/1160\/revisions"}],"predecessor-version":[{"id":5721,"href":"https:\/\/jaso.com\/tower\/wp-json\/wp\/v2\/pages\/1160\/revisions\/5721"}],"wp:attachment":[{"href":"https:\/\/jaso.com\/tower\/wp-json\/wp\/v2\/media?parent=1160"}],"curies":[{"name":"wp","href":"https:\/\/api.w.org\/{rel}","templated":true}]}}