{"id":1267,"date":"2023-03-10T12:26:40","date_gmt":"2023-03-10T12:26:40","guid":{"rendered":"https:\/\/jaso.com\/tower\/communaute-jaso\/"},"modified":"2023-03-10T12:26:40","modified_gmt":"2023-03-10T12:26:40","slug":"communaute-jaso","status":"publish","type":"page","link":"https:\/\/jaso.com\/tower\/fr\/communaute-jaso\/","title":{"rendered":"Communaut\u00e9 Jaso"},"content":{"rendered":"","protected":false},"excerpt":{"rendered":"","protected":false},"author":3,"featured_media":0,"parent":0,"menu_order":0,"comment_status":"closed","ping_status":"closed","template":"","meta":{"_acf_changed":false,"footnotes":""},"class_list":["post-1267","page","type-page","status-publish","hentry"],"acf":[],"yoast_head":"<!-- This site is optimized with the Yoast SEO plugin v27.4 - https:\/\/yoast.com\/product\/yoast-seo-wordpress\/ -->\n<title>Communaut\u00e9 JASO Tower Cranes<\/title>\n<meta name=\"description\" content=\"Si vous aimez les grues \u00e0 tour, vous \u00eates au bon endroit. Des photos, de l\u2019actualit\u00e9, des interviews, des projets, des vid\u00e9os, des concours et beaucoup plus, dont vous \u00eates l\u2019acteur principal.\" \/>\n<meta name=\"robots\" content=\"index, follow, max-snippet:-1, max-image-preview:large, max-video-preview:-1\" \/>\n<link rel=\"canonical\" href=\"https:\/\/jaso.com\/tower\/fr\/communaute-jaso\/\" \/>\n<meta property=\"og:locale\" content=\"fr_FR\" \/>\n<meta property=\"og:type\" content=\"article\" \/>\n<meta property=\"og:title\" content=\"Communaut\u00e9 JASO Tower Cranes\" \/>\n<meta property=\"og:description\" content=\"Si vous aimez les grues \u00e0 tour, vous \u00eates au bon endroit. Des photos, de l\u2019actualit\u00e9, des interviews, des projets, des vid\u00e9os, des concours et beaucoup plus, dont vous \u00eates l\u2019acteur principal.\" \/>\n<meta property=\"og:url\" content=\"https:\/\/jaso.com\/tower\/fr\/communaute-jaso\/\" \/>\n<meta property=\"og:site_name\" content=\"Fabricant de grues \u00e0 tour - JASO Tower Cranes\" \/>\n<meta property=\"og:image\" content=\"https:\/\/jaso.com\/tower\/wp-content\/uploads\/2023\/01\/flat-topDJI_0102-zoomed-in.jpg\" \/>\n\t<meta property=\"og:image:width\" content=\"1000\" \/>\n\t<meta property=\"og:image:height\" content=\"619\" \/>\n\t<meta property=\"og:image:type\" content=\"image\/jpeg\" \/>\n<meta name=\"twitter:card\" content=\"summary_large_image\" \/>\n<script type=\"application\/ld+json\" class=\"yoast-schema-graph\">{\"@context\":\"https:\\\/\\\/schema.org\",\"@graph\":[{\"@type\":\"WebPage\",\"@id\":\"https:\\\/\\\/jaso.com\\\/tower\\\/fr\\\/communaute-jaso\\\/\",\"url\":\"https:\\\/\\\/jaso.com\\\/tower\\\/fr\\\/communaute-jaso\\\/\",\"name\":\"Communaut\u00e9 JASO Tower Cranes\",\"isPartOf\":{\"@id\":\"https:\\\/\\\/jaso.com\\\/tower\\\/#website\"},\"datePublished\":\"2023-03-10T12:26:40+00:00\",\"description\":\"Si vous aimez les grues \u00e0 tour, vous \u00eates au bon endroit. Des photos, de l\u2019actualit\u00e9, des interviews, des projets, des vid\u00e9os, des concours et beaucoup plus, dont vous \u00eates l\u2019acteur principal.\",\"breadcrumb\":{\"@id\":\"https:\\\/\\\/jaso.com\\\/tower\\\/fr\\\/communaute-jaso\\\/#breadcrumb\"},\"inLanguage\":\"fr-FR\",\"potentialAction\":[{\"@type\":\"ReadAction\",\"target\":[\"https:\\\/\\\/jaso.com\\\/tower\\\/fr\\\/communaute-jaso\\\/\"]}]},{\"@type\":\"BreadcrumbList\",\"@id\":\"https:\\\/\\\/jaso.com\\\/tower\\\/fr\\\/communaute-jaso\\\/#breadcrumb\",\"itemListElement\":[{\"@type\":\"ListItem\",\"position\":1,\"name\":\"Portada\",\"item\":\"https:\\\/\\\/jaso.com\\\/tower\\\/fr\\\/\"},{\"@type\":\"ListItem\",\"position\":2,\"name\":\"Communaut\u00e9 Jaso\"}]},{\"@type\":\"WebSite\",\"@id\":\"https:\\\/\\\/jaso.com\\\/tower\\\/#website\",\"url\":\"https:\\\/\\\/jaso.com\\\/tower\\\/\",\"name\":\"JASO Tower Cranes - Fabricantes de gr\u00faas torre\",\"description\":\"Nous fabriquons les grues qui construisent le monde. Nous sommes un fabricant de grues \u00e0 tour de r\u00e9f\u00e9rence mondiale. Nous proposons une solution compl\u00e8te de grues \u00e0 tour.\",\"publisher\":{\"@id\":\"https:\\\/\\\/jaso.com\\\/tower\\\/#organization\"},\"alternateName\":\"JASO Tower Cranes\",\"potentialAction\":[{\"@type\":\"SearchAction\",\"target\":{\"@type\":\"EntryPoint\",\"urlTemplate\":\"https:\\\/\\\/jaso.com\\\/tower\\\/?s={search_term_string}\"},\"query-input\":{\"@type\":\"PropertyValueSpecification\",\"valueRequired\":true,\"valueName\":\"search_term_string\"}}],\"inLanguage\":\"fr-FR\"},{\"@type\":\"Organization\",\"@id\":\"https:\\\/\\\/jaso.com\\\/tower\\\/#organization\",\"name\":\"JASO Tower Cranes\",\"alternateName\":\"JASO\",\"url\":\"https:\\\/\\\/jaso.com\\\/tower\\\/\",\"logo\":{\"@type\":\"ImageObject\",\"inLanguage\":\"fr-FR\",\"@id\":\"https:\\\/\\\/jaso.com\\\/tower\\\/#\\\/schema\\\/logo\\\/image\\\/\",\"url\":\"https:\\\/\\\/jaso.com\\\/tower\\\/wp-content\\\/uploads\\\/2022\\\/10\\\/jaso_torre.png\",\"contentUrl\":\"https:\\\/\\\/jaso.com\\\/tower\\\/wp-content\\\/uploads\\\/2022\\\/10\\\/jaso_torre.png\",\"width\":1200,\"height\":630,\"caption\":\"JASO Tower Cranes\"},\"image\":{\"@id\":\"https:\\\/\\\/jaso.com\\\/tower\\\/#\\\/schema\\\/logo\\\/image\\\/\"}}]}<\/script>\n<!-- \/ Yoast SEO plugin. -->","yoast_head_json":{"title":"Communaut\u00e9 JASO Tower Cranes","description":"Si vous aimez les grues \u00e0 tour, vous \u00eates au bon endroit. Des photos, de l\u2019actualit\u00e9, des interviews, des projets, des vid\u00e9os, des concours et beaucoup plus, dont vous \u00eates l\u2019acteur principal.","robots":{"index":"index","follow":"follow","max-snippet":"max-snippet:-1","max-image-preview":"max-image-preview:large","max-video-preview":"max-video-preview:-1"},"canonical":"https:\/\/jaso.com\/tower\/fr\/communaute-jaso\/","og_locale":"fr_FR","og_type":"article","og_title":"Communaut\u00e9 JASO Tower Cranes","og_description":"Si vous aimez les grues \u00e0 tour, vous \u00eates au bon endroit. Des photos, de l\u2019actualit\u00e9, des interviews, des projets, des vid\u00e9os, des concours et beaucoup plus, dont vous \u00eates l\u2019acteur principal.","og_url":"https:\/\/jaso.com\/tower\/fr\/communaute-jaso\/","og_site_name":"Fabricant de grues \u00e0 tour - JASO Tower Cranes","og_image":[{"width":1000,"height":619,"url":"https:\/\/jaso.com\/tower\/wp-content\/uploads\/2023\/01\/flat-topDJI_0102-zoomed-in.jpg","type":"image\/jpeg"}],"twitter_card":"summary_large_image","schema":{"@context":"https:\/\/schema.org","@graph":[{"@type":"WebPage","@id":"https:\/\/jaso.com\/tower\/fr\/communaute-jaso\/","url":"https:\/\/jaso.com\/tower\/fr\/communaute-jaso\/","name":"Communaut\u00e9 JASO Tower Cranes","isPartOf":{"@id":"https:\/\/jaso.com\/tower\/#website"},"datePublished":"2023-03-10T12:26:40+00:00","description":"Si vous aimez les grues \u00e0 tour, vous \u00eates au bon endroit. Des photos, de l\u2019actualit\u00e9, des interviews, des projets, des vid\u00e9os, des concours et beaucoup plus, dont vous \u00eates l\u2019acteur principal.","breadcrumb":{"@id":"https:\/\/jaso.com\/tower\/fr\/communaute-jaso\/#breadcrumb"},"inLanguage":"fr-FR","potentialAction":[{"@type":"ReadAction","target":["https:\/\/jaso.com\/tower\/fr\/communaute-jaso\/"]}]},{"@type":"BreadcrumbList","@id":"https:\/\/jaso.com\/tower\/fr\/communaute-jaso\/#breadcrumb","itemListElement":[{"@type":"ListItem","position":1,"name":"Portada","item":"https:\/\/jaso.com\/tower\/fr\/"},{"@type":"ListItem","position":2,"name":"Communaut\u00e9 Jaso"}]},{"@type":"WebSite","@id":"https:\/\/jaso.com\/tower\/#website","url":"https:\/\/jaso.com\/tower\/","name":"JASO Tower Cranes - Fabricantes de gr\u00faas torre","description":"Nous fabriquons les grues qui construisent le monde. Nous sommes un fabricant de grues \u00e0 tour de r\u00e9f\u00e9rence mondiale. Nous proposons une solution compl\u00e8te de grues \u00e0 tour.","publisher":{"@id":"https:\/\/jaso.com\/tower\/#organization"},"alternateName":"JASO Tower Cranes","potentialAction":[{"@type":"SearchAction","target":{"@type":"EntryPoint","urlTemplate":"https:\/\/jaso.com\/tower\/?s={search_term_string}"},"query-input":{"@type":"PropertyValueSpecification","valueRequired":true,"valueName":"search_term_string"}}],"inLanguage":"fr-FR"},{"@type":"Organization","@id":"https:\/\/jaso.com\/tower\/#organization","name":"JASO Tower Cranes","alternateName":"JASO","url":"https:\/\/jaso.com\/tower\/","logo":{"@type":"ImageObject","inLanguage":"fr-FR","@id":"https:\/\/jaso.com\/tower\/#\/schema\/logo\/image\/","url":"https:\/\/jaso.com\/tower\/wp-content\/uploads\/2022\/10\/jaso_torre.png","contentUrl":"https:\/\/jaso.com\/tower\/wp-content\/uploads\/2022\/10\/jaso_torre.png","width":1200,"height":630,"caption":"JASO Tower Cranes"},"image":{"@id":"https:\/\/jaso.com\/tower\/#\/schema\/logo\/image\/"}}]}},"_links":{"self":[{"href":"https:\/\/jaso.com\/tower\/fr\/wp-json\/wp\/v2\/pages\/1267","targetHints":{"allow":["GET"]}}],"collection":[{"href":"https:\/\/jaso.com\/tower\/fr\/wp-json\/wp\/v2\/pages"}],"about":[{"href":"https:\/\/jaso.com\/tower\/fr\/wp-json\/wp\/v2\/types\/page"}],"author":[{"embeddable":true,"href":"https:\/\/jaso.com\/tower\/fr\/wp-json\/wp\/v2\/users\/3"}],"replies":[{"embeddable":true,"href":"https:\/\/jaso.com\/tower\/fr\/wp-json\/wp\/v2\/comments?post=1267"}],"version-history":[{"count":0,"href":"https:\/\/jaso.com\/tower\/fr\/wp-json\/wp\/v2\/pages\/1267\/revisions"}],"wp:attachment":[{"href":"https:\/\/jaso.com\/tower\/fr\/wp-json\/wp\/v2\/media?parent=1267"}],"curies":[{"name":"wp","href":"https:\/\/api.w.org\/{rel}","templated":true}]}}