{"id":1259,"date":"2023-03-10T12:26:37","date_gmt":"2023-03-10T12:26:37","guid":{"rendered":"https:\/\/jaso.com\/tower\/fabricants\/"},"modified":"2023-03-10T12:27:34","modified_gmt":"2023-03-10T12:27:34","slug":"fabricants","status":"publish","type":"page","link":"https:\/\/jaso.com\/tower\/fr\/nous-sommes-jaso\/fabricants\/","title":{"rendered":"Fabricants"},"content":{"rendered":"","protected":false},"excerpt":{"rendered":"","protected":false},"author":3,"featured_media":128,"parent":1271,"menu_order":1,"comment_status":"closed","ping_status":"closed","template":"","meta":{"_acf_changed":false,"footnotes":""},"class_list":["post-1259","page","type-page","status-publish","has-post-thumbnail","hentry"],"acf":[],"yoast_head":"<!-- This site is optimized with the Yoast SEO plugin v27.3 - https:\/\/yoast.com\/product\/yoast-seo-wordpress\/ -->\n<title>Fabricant complet de grues \u00e0 tour - JASO Tower Cranes<\/title>\n<meta name=\"description\" content=\"Nous fabriquons l\u2019int\u00e9gralit\u00e9 des grues dans notre usine. La fabrication dans nos installations nous permet de nous adapter de mani\u00e8re optimale aux march\u00e9s internationaux.\" \/>\n<meta name=\"robots\" content=\"index, follow, max-snippet:-1, max-image-preview:large, max-video-preview:-1\" \/>\n<link rel=\"canonical\" href=\"https:\/\/jaso.com\/tower\/fr\/nous-sommes-jaso\/fabricants\/\" \/>\n<meta property=\"og:locale\" content=\"fr_FR\" \/>\n<meta property=\"og:type\" content=\"article\" \/>\n<meta property=\"og:title\" content=\"Fabricant complet de grues \u00e0 tour - JASO Tower Cranes\" \/>\n<meta property=\"og:description\" content=\"Nous fabriquons l\u2019int\u00e9gralit\u00e9 des grues dans notre usine. La fabrication dans nos installations nous permet de nous adapter de mani\u00e8re optimale aux march\u00e9s internationaux.\" \/>\n<meta property=\"og:url\" content=\"https:\/\/jaso.com\/tower\/fr\/nous-sommes-jaso\/fabricants\/\" \/>\n<meta property=\"og:site_name\" content=\"Fabricant de grues \u00e0 tour - JASO Tower Cranes\" \/>\n<meta property=\"article:modified_time\" content=\"2023-03-10T12:27:34+00:00\" \/>\n<meta property=\"og:image\" content=\"https:\/\/jaso.com\/tower\/wp-content\/uploads\/2022\/11\/somos-jaso.png\" \/>\n\t<meta property=\"og:image:width\" content=\"952\" \/>\n\t<meta property=\"og:image:height\" content=\"710\" \/>\n\t<meta property=\"og:image:type\" content=\"image\/png\" \/>\n<meta name=\"twitter:card\" content=\"summary_large_image\" \/>\n<script type=\"application\/ld+json\" class=\"yoast-schema-graph\">{\"@context\":\"https:\\\/\\\/schema.org\",\"@graph\":[{\"@type\":\"WebPage\",\"@id\":\"https:\\\/\\\/jaso.com\\\/tower\\\/fr\\\/nous-sommes-jaso\\\/fabricants\\\/\",\"url\":\"https:\\\/\\\/jaso.com\\\/tower\\\/fr\\\/nous-sommes-jaso\\\/fabricants\\\/\",\"name\":\"Fabricant complet de grues \u00e0 tour - JASO Tower Cranes\",\"isPartOf\":{\"@id\":\"https:\\\/\\\/jaso.com\\\/tower\\\/#website\"},\"primaryImageOfPage\":{\"@id\":\"https:\\\/\\\/jaso.com\\\/tower\\\/fr\\\/nous-sommes-jaso\\\/fabricants\\\/#primaryimage\"},\"image\":{\"@id\":\"https:\\\/\\\/jaso.com\\\/tower\\\/fr\\\/nous-sommes-jaso\\\/fabricants\\\/#primaryimage\"},\"thumbnailUrl\":\"https:\\\/\\\/jaso.com\\\/tower\\\/wp-content\\\/uploads\\\/2022\\\/11\\\/somos-jaso.png\",\"datePublished\":\"2023-03-10T12:26:37+00:00\",\"dateModified\":\"2023-03-10T12:27:34+00:00\",\"description\":\"Nous fabriquons l\u2019int\u00e9gralit\u00e9 des grues dans notre usine. La fabrication dans nos installations nous permet de nous adapter de mani\u00e8re optimale aux march\u00e9s internationaux.\",\"breadcrumb\":{\"@id\":\"https:\\\/\\\/jaso.com\\\/tower\\\/fr\\\/nous-sommes-jaso\\\/fabricants\\\/#breadcrumb\"},\"inLanguage\":\"fr-FR\",\"potentialAction\":[{\"@type\":\"ReadAction\",\"target\":[\"https:\\\/\\\/jaso.com\\\/tower\\\/fr\\\/nous-sommes-jaso\\\/fabricants\\\/\"]}]},{\"@type\":\"ImageObject\",\"inLanguage\":\"fr-FR\",\"@id\":\"https:\\\/\\\/jaso.com\\\/tower\\\/fr\\\/nous-sommes-jaso\\\/fabricants\\\/#primaryimage\",\"url\":\"https:\\\/\\\/jaso.com\\\/tower\\\/wp-content\\\/uploads\\\/2022\\\/11\\\/somos-jaso.png\",\"contentUrl\":\"https:\\\/\\\/jaso.com\\\/tower\\\/wp-content\\\/uploads\\\/2022\\\/11\\\/somos-jaso.png\",\"width\":952,\"height\":710},{\"@type\":\"BreadcrumbList\",\"@id\":\"https:\\\/\\\/jaso.com\\\/tower\\\/fr\\\/nous-sommes-jaso\\\/fabricants\\\/#breadcrumb\",\"itemListElement\":[{\"@type\":\"ListItem\",\"position\":1,\"name\":\"Portada\",\"item\":\"https:\\\/\\\/jaso.com\\\/tower\\\/fr\\\/\"},{\"@type\":\"ListItem\",\"position\":2,\"name\":\"Nous sommes Jaso\",\"item\":\"https:\\\/\\\/jaso.com\\\/tower\\\/fr\\\/nous-sommes-jaso\\\/\"},{\"@type\":\"ListItem\",\"position\":3,\"name\":\"Fabricants\"}]},{\"@type\":\"WebSite\",\"@id\":\"https:\\\/\\\/jaso.com\\\/tower\\\/#website\",\"url\":\"https:\\\/\\\/jaso.com\\\/tower\\\/\",\"name\":\"JASO Tower Cranes - Fabricantes de gr\u00faas torre\",\"description\":\"Nous fabriquons les grues qui construisent le monde. Nous sommes un fabricant de grues \u00e0 tour de r\u00e9f\u00e9rence mondiale. Nous proposons une solution compl\u00e8te de grues \u00e0 tour.\",\"publisher\":{\"@id\":\"https:\\\/\\\/jaso.com\\\/tower\\\/#organization\"},\"alternateName\":\"JASO Tower Cranes\",\"potentialAction\":[{\"@type\":\"SearchAction\",\"target\":{\"@type\":\"EntryPoint\",\"urlTemplate\":\"https:\\\/\\\/jaso.com\\\/tower\\\/?s={search_term_string}\"},\"query-input\":{\"@type\":\"PropertyValueSpecification\",\"valueRequired\":true,\"valueName\":\"search_term_string\"}}],\"inLanguage\":\"fr-FR\"},{\"@type\":\"Organization\",\"@id\":\"https:\\\/\\\/jaso.com\\\/tower\\\/#organization\",\"name\":\"JASO Tower Cranes\",\"alternateName\":\"JASO\",\"url\":\"https:\\\/\\\/jaso.com\\\/tower\\\/\",\"logo\":{\"@type\":\"ImageObject\",\"inLanguage\":\"fr-FR\",\"@id\":\"https:\\\/\\\/jaso.com\\\/tower\\\/#\\\/schema\\\/logo\\\/image\\\/\",\"url\":\"https:\\\/\\\/jaso.com\\\/tower\\\/wp-content\\\/uploads\\\/2022\\\/10\\\/jaso_torre.png\",\"contentUrl\":\"https:\\\/\\\/jaso.com\\\/tower\\\/wp-content\\\/uploads\\\/2022\\\/10\\\/jaso_torre.png\",\"width\":1200,\"height\":630,\"caption\":\"JASO Tower Cranes\"},\"image\":{\"@id\":\"https:\\\/\\\/jaso.com\\\/tower\\\/#\\\/schema\\\/logo\\\/image\\\/\"}}]}<\/script>\n<!-- \/ Yoast SEO plugin. -->","yoast_head_json":{"title":"Fabricant complet de grues \u00e0 tour - JASO Tower Cranes","description":"Nous fabriquons l\u2019int\u00e9gralit\u00e9 des grues dans notre usine. La fabrication dans nos installations nous permet de nous adapter de mani\u00e8re optimale aux march\u00e9s internationaux.","robots":{"index":"index","follow":"follow","max-snippet":"max-snippet:-1","max-image-preview":"max-image-preview:large","max-video-preview":"max-video-preview:-1"},"canonical":"https:\/\/jaso.com\/tower\/fr\/nous-sommes-jaso\/fabricants\/","og_locale":"fr_FR","og_type":"article","og_title":"Fabricant complet de grues \u00e0 tour - JASO Tower Cranes","og_description":"Nous fabriquons l\u2019int\u00e9gralit\u00e9 des grues dans notre usine. La fabrication dans nos installations nous permet de nous adapter de mani\u00e8re optimale aux march\u00e9s internationaux.","og_url":"https:\/\/jaso.com\/tower\/fr\/nous-sommes-jaso\/fabricants\/","og_site_name":"Fabricant de grues \u00e0 tour - JASO Tower Cranes","article_modified_time":"2023-03-10T12:27:34+00:00","og_image":[{"width":952,"height":710,"url":"https:\/\/jaso.com\/tower\/wp-content\/uploads\/2022\/11\/somos-jaso.png","type":"image\/png"}],"twitter_card":"summary_large_image","schema":{"@context":"https:\/\/schema.org","@graph":[{"@type":"WebPage","@id":"https:\/\/jaso.com\/tower\/fr\/nous-sommes-jaso\/fabricants\/","url":"https:\/\/jaso.com\/tower\/fr\/nous-sommes-jaso\/fabricants\/","name":"Fabricant complet de grues \u00e0 tour - JASO Tower Cranes","isPartOf":{"@id":"https:\/\/jaso.com\/tower\/#website"},"primaryImageOfPage":{"@id":"https:\/\/jaso.com\/tower\/fr\/nous-sommes-jaso\/fabricants\/#primaryimage"},"image":{"@id":"https:\/\/jaso.com\/tower\/fr\/nous-sommes-jaso\/fabricants\/#primaryimage"},"thumbnailUrl":"https:\/\/jaso.com\/tower\/wp-content\/uploads\/2022\/11\/somos-jaso.png","datePublished":"2023-03-10T12:26:37+00:00","dateModified":"2023-03-10T12:27:34+00:00","description":"Nous fabriquons l\u2019int\u00e9gralit\u00e9 des grues dans notre usine. La fabrication dans nos installations nous permet de nous adapter de mani\u00e8re optimale aux march\u00e9s internationaux.","breadcrumb":{"@id":"https:\/\/jaso.com\/tower\/fr\/nous-sommes-jaso\/fabricants\/#breadcrumb"},"inLanguage":"fr-FR","potentialAction":[{"@type":"ReadAction","target":["https:\/\/jaso.com\/tower\/fr\/nous-sommes-jaso\/fabricants\/"]}]},{"@type":"ImageObject","inLanguage":"fr-FR","@id":"https:\/\/jaso.com\/tower\/fr\/nous-sommes-jaso\/fabricants\/#primaryimage","url":"https:\/\/jaso.com\/tower\/wp-content\/uploads\/2022\/11\/somos-jaso.png","contentUrl":"https:\/\/jaso.com\/tower\/wp-content\/uploads\/2022\/11\/somos-jaso.png","width":952,"height":710},{"@type":"BreadcrumbList","@id":"https:\/\/jaso.com\/tower\/fr\/nous-sommes-jaso\/fabricants\/#breadcrumb","itemListElement":[{"@type":"ListItem","position":1,"name":"Portada","item":"https:\/\/jaso.com\/tower\/fr\/"},{"@type":"ListItem","position":2,"name":"Nous sommes Jaso","item":"https:\/\/jaso.com\/tower\/fr\/nous-sommes-jaso\/"},{"@type":"ListItem","position":3,"name":"Fabricants"}]},{"@type":"WebSite","@id":"https:\/\/jaso.com\/tower\/#website","url":"https:\/\/jaso.com\/tower\/","name":"JASO Tower Cranes - Fabricantes de gr\u00faas torre","description":"Nous fabriquons les grues qui construisent le monde. Nous sommes un fabricant de grues \u00e0 tour de r\u00e9f\u00e9rence mondiale. Nous proposons une solution compl\u00e8te de grues \u00e0 tour.","publisher":{"@id":"https:\/\/jaso.com\/tower\/#organization"},"alternateName":"JASO Tower Cranes","potentialAction":[{"@type":"SearchAction","target":{"@type":"EntryPoint","urlTemplate":"https:\/\/jaso.com\/tower\/?s={search_term_string}"},"query-input":{"@type":"PropertyValueSpecification","valueRequired":true,"valueName":"search_term_string"}}],"inLanguage":"fr-FR"},{"@type":"Organization","@id":"https:\/\/jaso.com\/tower\/#organization","name":"JASO Tower Cranes","alternateName":"JASO","url":"https:\/\/jaso.com\/tower\/","logo":{"@type":"ImageObject","inLanguage":"fr-FR","@id":"https:\/\/jaso.com\/tower\/#\/schema\/logo\/image\/","url":"https:\/\/jaso.com\/tower\/wp-content\/uploads\/2022\/10\/jaso_torre.png","contentUrl":"https:\/\/jaso.com\/tower\/wp-content\/uploads\/2022\/10\/jaso_torre.png","width":1200,"height":630,"caption":"JASO Tower Cranes"},"image":{"@id":"https:\/\/jaso.com\/tower\/#\/schema\/logo\/image\/"}}]}},"_links":{"self":[{"href":"https:\/\/jaso.com\/tower\/fr\/wp-json\/wp\/v2\/pages\/1259","targetHints":{"allow":["GET"]}}],"collection":[{"href":"https:\/\/jaso.com\/tower\/fr\/wp-json\/wp\/v2\/pages"}],"about":[{"href":"https:\/\/jaso.com\/tower\/fr\/wp-json\/wp\/v2\/types\/page"}],"author":[{"embeddable":true,"href":"https:\/\/jaso.com\/tower\/fr\/wp-json\/wp\/v2\/users\/3"}],"replies":[{"embeddable":true,"href":"https:\/\/jaso.com\/tower\/fr\/wp-json\/wp\/v2\/comments?post=1259"}],"version-history":[{"count":1,"href":"https:\/\/jaso.com\/tower\/fr\/wp-json\/wp\/v2\/pages\/1259\/revisions"}],"predecessor-version":[{"id":1260,"href":"https:\/\/jaso.com\/tower\/fr\/wp-json\/wp\/v2\/pages\/1259\/revisions\/1260"}],"up":[{"embeddable":true,"href":"https:\/\/jaso.com\/tower\/fr\/wp-json\/wp\/v2\/pages\/1271"}],"wp:featuredmedia":[{"embeddable":true,"href":"https:\/\/jaso.com\/tower\/fr\/wp-json\/wp\/v2\/media\/128"}],"wp:attachment":[{"href":"https:\/\/jaso.com\/tower\/fr\/wp-json\/wp\/v2\/media?parent=1259"}],"curies":[{"name":"wp","href":"https:\/\/api.w.org\/{rel}","templated":true}]}}