{"id":3584,"date":"2024-02-07T09:08:49","date_gmt":"2024-02-07T09:08:49","guid":{"rendered":"https:\/\/jaso.com\/tower\/compromiso\/"},"modified":"2024-02-13T07:30:30","modified_gmt":"2024-02-13T07:30:30","slug":"wir-sind-engagement","status":"publish","type":"page","link":"https:\/\/jaso.com\/tower\/de\/wir-sind-jaso\/wir-sind-engagement\/","title":{"rendered":"Wir sind Engagement"},"content":{"rendered":"","protected":false},"excerpt":{"rendered":"","protected":false},"author":3,"featured_media":0,"parent":3590,"menu_order":3,"comment_status":"closed","ping_status":"closed","template":"","meta":{"_acf_changed":false,"footnotes":""},"class_list":["post-3584","page","type-page","status-publish","hentry"],"acf":[],"yoast_head":"<!-- This site is optimized with the Yoast SEO plugin v27.4 - https:\/\/yoast.com\/product\/yoast-seo-wordpress\/ -->\n<title>Mucho m\u00e1s que gr\u00faas torre - JASO Tower Cranes<\/title>\n<meta name=\"description\" content=\"Contamos con una pol\u00edtica de responsabilidad social corporativa para proteger a nuestros trabajadores, el motor de la empresa, y el medioambiente.\" \/>\n<meta name=\"robots\" content=\"index, follow, max-snippet:-1, max-image-preview:large, max-video-preview:-1\" \/>\n<link rel=\"canonical\" href=\"https:\/\/jaso.com\/tower\/somos-jaso\/compromiso\/\" \/>\n<meta property=\"og:locale\" content=\"de_DE\" \/>\n<meta property=\"og:type\" content=\"article\" \/>\n<meta property=\"og:title\" content=\"Mucho m\u00e1s que gr\u00faas torre - JASO Tower Cranes\" \/>\n<meta property=\"og:description\" content=\"Contamos con una pol\u00edtica de responsabilidad social corporativa para proteger a nuestros trabajadores, el motor de la empresa, y el medioambiente.\" \/>\n<meta property=\"og:url\" content=\"https:\/\/jaso.com\/tower\/somos-jaso\/compromiso\/\" \/>\n<meta property=\"og:site_name\" content=\"Fabricante de gr\u00faas torre - JASO Tower Cranes\" \/>\n<meta property=\"article:modified_time\" content=\"2024-02-13T07:30:30+00:00\" \/>\n<meta property=\"og:image\" content=\"https:\/\/jaso.com\/tower\/wp-content\/uploads\/2023\/01\/flat-topDJI_0102-zoomed-in.jpg\" \/>\n\t<meta property=\"og:image:width\" content=\"1000\" \/>\n\t<meta property=\"og:image:height\" content=\"619\" \/>\n\t<meta property=\"og:image:type\" content=\"image\/jpeg\" \/>\n<meta name=\"twitter:card\" content=\"summary_large_image\" \/>\n<script type=\"application\/ld+json\" class=\"yoast-schema-graph\">{\"@context\":\"https:\\\/\\\/schema.org\",\"@graph\":[{\"@type\":\"WebPage\",\"@id\":\"https:\\\/\\\/jaso.com\\\/tower\\\/somos-jaso\\\/compromiso\\\/\",\"url\":\"https:\\\/\\\/jaso.com\\\/tower\\\/somos-jaso\\\/compromiso\\\/\",\"name\":\"Mucho m\u00e1s que gr\u00faas torre - JASO Tower Cranes\",\"isPartOf\":{\"@id\":\"https:\\\/\\\/jaso.com\\\/tower\\\/#website\"},\"datePublished\":\"2024-02-07T09:08:49+00:00\",\"dateModified\":\"2024-02-13T07:30:30+00:00\",\"description\":\"Contamos con una pol\u00edtica de responsabilidad social corporativa para proteger a nuestros trabajadores, el motor de la empresa, y el medioambiente.\",\"breadcrumb\":{\"@id\":\"https:\\\/\\\/jaso.com\\\/tower\\\/somos-jaso\\\/compromiso\\\/#breadcrumb\"},\"inLanguage\":\"de\",\"potentialAction\":[{\"@type\":\"ReadAction\",\"target\":[\"https:\\\/\\\/jaso.com\\\/tower\\\/somos-jaso\\\/compromiso\\\/\"]}]},{\"@type\":\"BreadcrumbList\",\"@id\":\"https:\\\/\\\/jaso.com\\\/tower\\\/somos-jaso\\\/compromiso\\\/#breadcrumb\",\"itemListElement\":[{\"@type\":\"ListItem\",\"position\":1,\"name\":\"Portada\",\"item\":\"https:\\\/\\\/jaso.com\\\/tower\\\/de\\\/\"},{\"@type\":\"ListItem\",\"position\":2,\"name\":\"Wir sind Jaso\",\"item\":\"https:\\\/\\\/jaso.com\\\/tower\\\/de\\\/wir-sind-jaso\\\/\"},{\"@type\":\"ListItem\",\"position\":3,\"name\":\"Wir sind Engagement\"}]},{\"@type\":\"WebSite\",\"@id\":\"https:\\\/\\\/jaso.com\\\/tower\\\/#website\",\"url\":\"https:\\\/\\\/jaso.com\\\/tower\\\/\",\"name\":\"JASO Tower Cranes - Fabricantes de gr\u00faas torre\",\"description\":\"Fabricamos las gr\u00faas que construyen el mundo. Somos un fabricante referente a nivel global de gr\u00faas torre. Ofrecemos una completa soluci\u00f3n de gr\u00faas torre.\",\"publisher\":{\"@id\":\"https:\\\/\\\/jaso.com\\\/tower\\\/#organization\"},\"alternateName\":\"JASO Tower Cranes\",\"potentialAction\":[{\"@type\":\"SearchAction\",\"target\":{\"@type\":\"EntryPoint\",\"urlTemplate\":\"https:\\\/\\\/jaso.com\\\/tower\\\/?s={search_term_string}\"},\"query-input\":{\"@type\":\"PropertyValueSpecification\",\"valueRequired\":true,\"valueName\":\"search_term_string\"}}],\"inLanguage\":\"de\"},{\"@type\":\"Organization\",\"@id\":\"https:\\\/\\\/jaso.com\\\/tower\\\/#organization\",\"name\":\"JASO Tower Cranes\",\"alternateName\":\"JASO\",\"url\":\"https:\\\/\\\/jaso.com\\\/tower\\\/\",\"logo\":{\"@type\":\"ImageObject\",\"inLanguage\":\"de\",\"@id\":\"https:\\\/\\\/jaso.com\\\/tower\\\/#\\\/schema\\\/logo\\\/image\\\/\",\"url\":\"https:\\\/\\\/jaso.com\\\/tower\\\/wp-content\\\/uploads\\\/2022\\\/10\\\/jaso_torre.png\",\"contentUrl\":\"https:\\\/\\\/jaso.com\\\/tower\\\/wp-content\\\/uploads\\\/2022\\\/10\\\/jaso_torre.png\",\"width\":1200,\"height\":630,\"caption\":\"JASO Tower Cranes\"},\"image\":{\"@id\":\"https:\\\/\\\/jaso.com\\\/tower\\\/#\\\/schema\\\/logo\\\/image\\\/\"}}]}<\/script>\n<!-- \/ Yoast SEO plugin. -->","yoast_head_json":{"title":"Mucho m\u00e1s que gr\u00faas torre - JASO Tower Cranes","description":"Contamos con una pol\u00edtica de responsabilidad social corporativa para proteger a nuestros trabajadores, el motor de la empresa, y el medioambiente.","robots":{"index":"index","follow":"follow","max-snippet":"max-snippet:-1","max-image-preview":"max-image-preview:large","max-video-preview":"max-video-preview:-1"},"canonical":"https:\/\/jaso.com\/tower\/somos-jaso\/compromiso\/","og_locale":"de_DE","og_type":"article","og_title":"Mucho m\u00e1s que gr\u00faas torre - JASO Tower Cranes","og_description":"Contamos con una pol\u00edtica de responsabilidad social corporativa para proteger a nuestros trabajadores, el motor de la empresa, y el medioambiente.","og_url":"https:\/\/jaso.com\/tower\/somos-jaso\/compromiso\/","og_site_name":"Fabricante de gr\u00faas torre - JASO Tower Cranes","article_modified_time":"2024-02-13T07:30:30+00:00","og_image":[{"width":1000,"height":619,"url":"https:\/\/jaso.com\/tower\/wp-content\/uploads\/2023\/01\/flat-topDJI_0102-zoomed-in.jpg","type":"image\/jpeg"}],"twitter_card":"summary_large_image","schema":{"@context":"https:\/\/schema.org","@graph":[{"@type":"WebPage","@id":"https:\/\/jaso.com\/tower\/somos-jaso\/compromiso\/","url":"https:\/\/jaso.com\/tower\/somos-jaso\/compromiso\/","name":"Mucho m\u00e1s que gr\u00faas torre - JASO Tower Cranes","isPartOf":{"@id":"https:\/\/jaso.com\/tower\/#website"},"datePublished":"2024-02-07T09:08:49+00:00","dateModified":"2024-02-13T07:30:30+00:00","description":"Contamos con una pol\u00edtica de responsabilidad social corporativa para proteger a nuestros trabajadores, el motor de la empresa, y el medioambiente.","breadcrumb":{"@id":"https:\/\/jaso.com\/tower\/somos-jaso\/compromiso\/#breadcrumb"},"inLanguage":"de","potentialAction":[{"@type":"ReadAction","target":["https:\/\/jaso.com\/tower\/somos-jaso\/compromiso\/"]}]},{"@type":"BreadcrumbList","@id":"https:\/\/jaso.com\/tower\/somos-jaso\/compromiso\/#breadcrumb","itemListElement":[{"@type":"ListItem","position":1,"name":"Portada","item":"https:\/\/jaso.com\/tower\/de\/"},{"@type":"ListItem","position":2,"name":"Wir sind Jaso","item":"https:\/\/jaso.com\/tower\/de\/wir-sind-jaso\/"},{"@type":"ListItem","position":3,"name":"Wir sind Engagement"}]},{"@type":"WebSite","@id":"https:\/\/jaso.com\/tower\/#website","url":"https:\/\/jaso.com\/tower\/","name":"JASO Tower Cranes - Fabricantes de gr\u00faas torre","description":"Fabricamos las gr\u00faas que construyen el mundo. Somos un fabricante referente a nivel global de gr\u00faas torre. Ofrecemos una completa soluci\u00f3n de gr\u00faas torre.","publisher":{"@id":"https:\/\/jaso.com\/tower\/#organization"},"alternateName":"JASO Tower Cranes","potentialAction":[{"@type":"SearchAction","target":{"@type":"EntryPoint","urlTemplate":"https:\/\/jaso.com\/tower\/?s={search_term_string}"},"query-input":{"@type":"PropertyValueSpecification","valueRequired":true,"valueName":"search_term_string"}}],"inLanguage":"de"},{"@type":"Organization","@id":"https:\/\/jaso.com\/tower\/#organization","name":"JASO Tower Cranes","alternateName":"JASO","url":"https:\/\/jaso.com\/tower\/","logo":{"@type":"ImageObject","inLanguage":"de","@id":"https:\/\/jaso.com\/tower\/#\/schema\/logo\/image\/","url":"https:\/\/jaso.com\/tower\/wp-content\/uploads\/2022\/10\/jaso_torre.png","contentUrl":"https:\/\/jaso.com\/tower\/wp-content\/uploads\/2022\/10\/jaso_torre.png","width":1200,"height":630,"caption":"JASO Tower Cranes"},"image":{"@id":"https:\/\/jaso.com\/tower\/#\/schema\/logo\/image\/"}}]}},"_links":{"self":[{"href":"https:\/\/jaso.com\/tower\/de\/wp-json\/wp\/v2\/pages\/3584","targetHints":{"allow":["GET"]}}],"collection":[{"href":"https:\/\/jaso.com\/tower\/de\/wp-json\/wp\/v2\/pages"}],"about":[{"href":"https:\/\/jaso.com\/tower\/de\/wp-json\/wp\/v2\/types\/page"}],"author":[{"embeddable":true,"href":"https:\/\/jaso.com\/tower\/de\/wp-json\/wp\/v2\/users\/3"}],"replies":[{"embeddable":true,"href":"https:\/\/jaso.com\/tower\/de\/wp-json\/wp\/v2\/comments?post=3584"}],"version-history":[{"count":2,"href":"https:\/\/jaso.com\/tower\/de\/wp-json\/wp\/v2\/pages\/3584\/revisions"}],"predecessor-version":[{"id":3682,"href":"https:\/\/jaso.com\/tower\/de\/wp-json\/wp\/v2\/pages\/3584\/revisions\/3682"}],"up":[{"embeddable":true,"href":"https:\/\/jaso.com\/tower\/de\/wp-json\/wp\/v2\/pages\/3590"}],"wp:attachment":[{"href":"https:\/\/jaso.com\/tower\/de\/wp-json\/wp\/v2\/media?parent=3584"}],"curies":[{"name":"wp","href":"https:\/\/api.w.org\/{rel}","templated":true}]}}