{"id":3575,"date":"2024-02-07T08:52:31","date_gmt":"2024-02-07T08:52:31","guid":{"rendered":"https:\/\/jaso.com\/tower\/fertigen\/"},"modified":"2024-02-13T07:30:40","modified_gmt":"2024-02-13T07:30:40","slug":"wir-sind-hersteller","status":"publish","type":"page","link":"https:\/\/jaso.com\/tower\/de\/wir-sind-jaso\/wir-sind-hersteller\/","title":{"rendered":"Wir sind Hersteller"},"content":{"rendered":"","protected":false},"excerpt":{"rendered":"","protected":false},"author":3,"featured_media":3576,"parent":3590,"menu_order":1,"comment_status":"closed","ping_status":"closed","template":"","meta":{"_acf_changed":false,"footnotes":""},"class_list":["post-3575","page","type-page","status-publish","has-post-thumbnail","hentry"],"acf":[],"yoast_head":"<!-- This site is optimized with the Yoast SEO plugin v27.3 - https:\/\/yoast.com\/product\/yoast-seo-wordpress\/ -->\n<title>Fabricante global de gr\u00faas torre - JASO Tower Cranes<\/title>\n<meta name=\"description\" content=\"Fabricamos las gr\u00faas de manera integral en nuestra f\u00e1brica. La fabricaci\u00f3n propia nos permite tener gran capacidad de adaptaci\u00f3n a los mercados internacionales.\" \/>\n<meta name=\"robots\" content=\"index, follow, max-snippet:-1, max-image-preview:large, max-video-preview:-1\" \/>\n<link rel=\"canonical\" href=\"https:\/\/jaso.com\/tower\/de\/wir-sind-jaso\/wir-sind-hersteller\/\" \/>\n<meta property=\"og:locale\" content=\"de_DE\" \/>\n<meta property=\"og:type\" content=\"article\" \/>\n<meta property=\"og:title\" content=\"Fabricante global de gr\u00faas torre - JASO Tower Cranes\" \/>\n<meta property=\"og:description\" content=\"Fabricamos las gr\u00faas de manera integral en nuestra f\u00e1brica. La fabricaci\u00f3n propia nos permite tener gran capacidad de adaptaci\u00f3n a los mercados internacionales.\" \/>\n<meta property=\"og:url\" content=\"https:\/\/jaso.com\/tower\/de\/wir-sind-jaso\/wir-sind-hersteller\/\" \/>\n<meta property=\"og:site_name\" content=\"Fabricante de gr\u00faas torre - JASO Tower Cranes\" \/>\n<meta property=\"article:modified_time\" content=\"2024-02-13T07:30:40+00:00\" \/>\n<meta property=\"og:image\" content=\"https:\/\/jaso.com\/tower\/wp-content\/uploads\/2022\/11\/somos-jaso.png\" \/>\n\t<meta property=\"og:image:width\" content=\"952\" \/>\n\t<meta property=\"og:image:height\" content=\"710\" \/>\n\t<meta property=\"og:image:type\" content=\"image\/png\" \/>\n<meta name=\"twitter:card\" content=\"summary_large_image\" \/>\n<script type=\"application\/ld+json\" class=\"yoast-schema-graph\">{\"@context\":\"https:\\\/\\\/schema.org\",\"@graph\":[{\"@type\":\"WebPage\",\"@id\":\"https:\\\/\\\/jaso.com\\\/tower\\\/de\\\/wir-sind-jaso\\\/wir-sind-hersteller\\\/\",\"url\":\"https:\\\/\\\/jaso.com\\\/tower\\\/de\\\/wir-sind-jaso\\\/wir-sind-hersteller\\\/\",\"name\":\"Fabricante global de gr\u00faas torre - JASO Tower Cranes\",\"isPartOf\":{\"@id\":\"https:\\\/\\\/jaso.com\\\/tower\\\/#website\"},\"primaryImageOfPage\":{\"@id\":\"https:\\\/\\\/jaso.com\\\/tower\\\/de\\\/wir-sind-jaso\\\/wir-sind-hersteller\\\/#primaryimage\"},\"image\":{\"@id\":\"https:\\\/\\\/jaso.com\\\/tower\\\/de\\\/wir-sind-jaso\\\/wir-sind-hersteller\\\/#primaryimage\"},\"thumbnailUrl\":\"https:\\\/\\\/jaso.com\\\/tower\\\/wp-content\\\/uploads\\\/2022\\\/11\\\/somos-jaso.png\",\"datePublished\":\"2024-02-07T08:52:31+00:00\",\"dateModified\":\"2024-02-13T07:30:40+00:00\",\"description\":\"Fabricamos las gr\u00faas de manera integral en nuestra f\u00e1brica. La fabricaci\u00f3n propia nos permite tener gran capacidad de adaptaci\u00f3n a los mercados internacionales.\",\"breadcrumb\":{\"@id\":\"https:\\\/\\\/jaso.com\\\/tower\\\/de\\\/wir-sind-jaso\\\/wir-sind-hersteller\\\/#breadcrumb\"},\"inLanguage\":\"de\",\"potentialAction\":[{\"@type\":\"ReadAction\",\"target\":[\"https:\\\/\\\/jaso.com\\\/tower\\\/de\\\/wir-sind-jaso\\\/wir-sind-hersteller\\\/\"]}]},{\"@type\":\"ImageObject\",\"inLanguage\":\"de\",\"@id\":\"https:\\\/\\\/jaso.com\\\/tower\\\/de\\\/wir-sind-jaso\\\/wir-sind-hersteller\\\/#primaryimage\",\"url\":\"https:\\\/\\\/jaso.com\\\/tower\\\/wp-content\\\/uploads\\\/2022\\\/11\\\/somos-jaso.png\",\"contentUrl\":\"https:\\\/\\\/jaso.com\\\/tower\\\/wp-content\\\/uploads\\\/2022\\\/11\\\/somos-jaso.png\",\"width\":952,\"height\":710},{\"@type\":\"BreadcrumbList\",\"@id\":\"https:\\\/\\\/jaso.com\\\/tower\\\/de\\\/wir-sind-jaso\\\/wir-sind-hersteller\\\/#breadcrumb\",\"itemListElement\":[{\"@type\":\"ListItem\",\"position\":1,\"name\":\"Portada\",\"item\":\"https:\\\/\\\/jaso.com\\\/tower\\\/de\\\/\"},{\"@type\":\"ListItem\",\"position\":2,\"name\":\"Wir sind Jaso\",\"item\":\"https:\\\/\\\/jaso.com\\\/tower\\\/de\\\/wir-sind-jaso\\\/\"},{\"@type\":\"ListItem\",\"position\":3,\"name\":\"Wir sind Hersteller\"}]},{\"@type\":\"WebSite\",\"@id\":\"https:\\\/\\\/jaso.com\\\/tower\\\/#website\",\"url\":\"https:\\\/\\\/jaso.com\\\/tower\\\/\",\"name\":\"JASO Tower Cranes - Fabricantes de gr\u00faas torre\",\"description\":\"Fabricamos las gr\u00faas que construyen el mundo. Somos un fabricante referente a nivel global de gr\u00faas torre. Ofrecemos una completa soluci\u00f3n de gr\u00faas torre.\",\"publisher\":{\"@id\":\"https:\\\/\\\/jaso.com\\\/tower\\\/#organization\"},\"alternateName\":\"JASO Tower Cranes\",\"potentialAction\":[{\"@type\":\"SearchAction\",\"target\":{\"@type\":\"EntryPoint\",\"urlTemplate\":\"https:\\\/\\\/jaso.com\\\/tower\\\/?s={search_term_string}\"},\"query-input\":{\"@type\":\"PropertyValueSpecification\",\"valueRequired\":true,\"valueName\":\"search_term_string\"}}],\"inLanguage\":\"de\"},{\"@type\":\"Organization\",\"@id\":\"https:\\\/\\\/jaso.com\\\/tower\\\/#organization\",\"name\":\"JASO Tower Cranes\",\"alternateName\":\"JASO\",\"url\":\"https:\\\/\\\/jaso.com\\\/tower\\\/\",\"logo\":{\"@type\":\"ImageObject\",\"inLanguage\":\"de\",\"@id\":\"https:\\\/\\\/jaso.com\\\/tower\\\/#\\\/schema\\\/logo\\\/image\\\/\",\"url\":\"https:\\\/\\\/jaso.com\\\/tower\\\/wp-content\\\/uploads\\\/2022\\\/10\\\/jaso_torre.png\",\"contentUrl\":\"https:\\\/\\\/jaso.com\\\/tower\\\/wp-content\\\/uploads\\\/2022\\\/10\\\/jaso_torre.png\",\"width\":1200,\"height\":630,\"caption\":\"JASO Tower Cranes\"},\"image\":{\"@id\":\"https:\\\/\\\/jaso.com\\\/tower\\\/#\\\/schema\\\/logo\\\/image\\\/\"}}]}<\/script>\n<!-- \/ Yoast SEO plugin. -->","yoast_head_json":{"title":"Fabricante global de gr\u00faas torre - JASO Tower Cranes","description":"Fabricamos las gr\u00faas de manera integral en nuestra f\u00e1brica. La fabricaci\u00f3n propia nos permite tener gran capacidad de adaptaci\u00f3n a los mercados internacionales.","robots":{"index":"index","follow":"follow","max-snippet":"max-snippet:-1","max-image-preview":"max-image-preview:large","max-video-preview":"max-video-preview:-1"},"canonical":"https:\/\/jaso.com\/tower\/de\/wir-sind-jaso\/wir-sind-hersteller\/","og_locale":"de_DE","og_type":"article","og_title":"Fabricante global de gr\u00faas torre - JASO Tower Cranes","og_description":"Fabricamos las gr\u00faas de manera integral en nuestra f\u00e1brica. La fabricaci\u00f3n propia nos permite tener gran capacidad de adaptaci\u00f3n a los mercados internacionales.","og_url":"https:\/\/jaso.com\/tower\/de\/wir-sind-jaso\/wir-sind-hersteller\/","og_site_name":"Fabricante de gr\u00faas torre - JASO Tower Cranes","article_modified_time":"2024-02-13T07:30:40+00:00","og_image":[{"width":952,"height":710,"url":"https:\/\/jaso.com\/tower\/wp-content\/uploads\/2022\/11\/somos-jaso.png","type":"image\/png"}],"twitter_card":"summary_large_image","schema":{"@context":"https:\/\/schema.org","@graph":[{"@type":"WebPage","@id":"https:\/\/jaso.com\/tower\/de\/wir-sind-jaso\/wir-sind-hersteller\/","url":"https:\/\/jaso.com\/tower\/de\/wir-sind-jaso\/wir-sind-hersteller\/","name":"Fabricante global de gr\u00faas torre - JASO Tower Cranes","isPartOf":{"@id":"https:\/\/jaso.com\/tower\/#website"},"primaryImageOfPage":{"@id":"https:\/\/jaso.com\/tower\/de\/wir-sind-jaso\/wir-sind-hersteller\/#primaryimage"},"image":{"@id":"https:\/\/jaso.com\/tower\/de\/wir-sind-jaso\/wir-sind-hersteller\/#primaryimage"},"thumbnailUrl":"https:\/\/jaso.com\/tower\/wp-content\/uploads\/2022\/11\/somos-jaso.png","datePublished":"2024-02-07T08:52:31+00:00","dateModified":"2024-02-13T07:30:40+00:00","description":"Fabricamos las gr\u00faas de manera integral en nuestra f\u00e1brica. La fabricaci\u00f3n propia nos permite tener gran capacidad de adaptaci\u00f3n a los mercados internacionales.","breadcrumb":{"@id":"https:\/\/jaso.com\/tower\/de\/wir-sind-jaso\/wir-sind-hersteller\/#breadcrumb"},"inLanguage":"de","potentialAction":[{"@type":"ReadAction","target":["https:\/\/jaso.com\/tower\/de\/wir-sind-jaso\/wir-sind-hersteller\/"]}]},{"@type":"ImageObject","inLanguage":"de","@id":"https:\/\/jaso.com\/tower\/de\/wir-sind-jaso\/wir-sind-hersteller\/#primaryimage","url":"https:\/\/jaso.com\/tower\/wp-content\/uploads\/2022\/11\/somos-jaso.png","contentUrl":"https:\/\/jaso.com\/tower\/wp-content\/uploads\/2022\/11\/somos-jaso.png","width":952,"height":710},{"@type":"BreadcrumbList","@id":"https:\/\/jaso.com\/tower\/de\/wir-sind-jaso\/wir-sind-hersteller\/#breadcrumb","itemListElement":[{"@type":"ListItem","position":1,"name":"Portada","item":"https:\/\/jaso.com\/tower\/de\/"},{"@type":"ListItem","position":2,"name":"Wir sind Jaso","item":"https:\/\/jaso.com\/tower\/de\/wir-sind-jaso\/"},{"@type":"ListItem","position":3,"name":"Wir sind Hersteller"}]},{"@type":"WebSite","@id":"https:\/\/jaso.com\/tower\/#website","url":"https:\/\/jaso.com\/tower\/","name":"JASO Tower Cranes - Fabricantes de gr\u00faas torre","description":"Fabricamos las gr\u00faas que construyen el mundo. Somos un fabricante referente a nivel global de gr\u00faas torre. Ofrecemos una completa soluci\u00f3n de gr\u00faas torre.","publisher":{"@id":"https:\/\/jaso.com\/tower\/#organization"},"alternateName":"JASO Tower Cranes","potentialAction":[{"@type":"SearchAction","target":{"@type":"EntryPoint","urlTemplate":"https:\/\/jaso.com\/tower\/?s={search_term_string}"},"query-input":{"@type":"PropertyValueSpecification","valueRequired":true,"valueName":"search_term_string"}}],"inLanguage":"de"},{"@type":"Organization","@id":"https:\/\/jaso.com\/tower\/#organization","name":"JASO Tower Cranes","alternateName":"JASO","url":"https:\/\/jaso.com\/tower\/","logo":{"@type":"ImageObject","inLanguage":"de","@id":"https:\/\/jaso.com\/tower\/#\/schema\/logo\/image\/","url":"https:\/\/jaso.com\/tower\/wp-content\/uploads\/2022\/10\/jaso_torre.png","contentUrl":"https:\/\/jaso.com\/tower\/wp-content\/uploads\/2022\/10\/jaso_torre.png","width":1200,"height":630,"caption":"JASO Tower Cranes"},"image":{"@id":"https:\/\/jaso.com\/tower\/#\/schema\/logo\/image\/"}}]}},"_links":{"self":[{"href":"https:\/\/jaso.com\/tower\/de\/wp-json\/wp\/v2\/pages\/3575","targetHints":{"allow":["GET"]}}],"collection":[{"href":"https:\/\/jaso.com\/tower\/de\/wp-json\/wp\/v2\/pages"}],"about":[{"href":"https:\/\/jaso.com\/tower\/de\/wp-json\/wp\/v2\/types\/page"}],"author":[{"embeddable":true,"href":"https:\/\/jaso.com\/tower\/de\/wp-json\/wp\/v2\/users\/3"}],"replies":[{"embeddable":true,"href":"https:\/\/jaso.com\/tower\/de\/wp-json\/wp\/v2\/comments?post=3575"}],"version-history":[{"count":2,"href":"https:\/\/jaso.com\/tower\/de\/wp-json\/wp\/v2\/pages\/3575\/revisions"}],"predecessor-version":[{"id":3680,"href":"https:\/\/jaso.com\/tower\/de\/wp-json\/wp\/v2\/pages\/3575\/revisions\/3680"}],"up":[{"embeddable":true,"href":"https:\/\/jaso.com\/tower\/de\/wp-json\/wp\/v2\/pages\/3590"}],"wp:featuredmedia":[{"embeddable":true,"href":"https:\/\/jaso.com\/tower\/de\/wp-json\/wp\/v2\/media\/3576"}],"wp:attachment":[{"href":"https:\/\/jaso.com\/tower\/de\/wp-json\/wp\/v2\/media?parent=3575"}],"curies":[{"name":"wp","href":"https:\/\/api.w.org\/{rel}","templated":true}]}}