{"id":7291,"date":"2026-02-12T07:21:40","date_gmt":"2026-02-12T07:21:40","guid":{"rendered":"https:\/\/jaso.com\/elevation\/?page_id=7291"},"modified":"2026-02-27T09:27:11","modified_gmt":"2026-02-27T09:27:11","slug":"home","status":"publish","type":"page","link":"https:\/\/jaso.com\/elevation\/de\/","title":{"rendered":"Homepage"},"content":{"rendered":"","protected":false},"excerpt":{"rendered":"","protected":false},"author":13,"featured_media":0,"parent":0,"menu_order":0,"comment_status":"closed","ping_status":"closed","template":"","meta":{"_acf_changed":false,"footnotes":""},"class_list":["post-7291","page","type-page","status-publish","hentry"],"acf":[],"yoast_head":"<!-- This site is optimized with the Yoast SEO plugin v27.4 - https:\/\/yoast.com\/product\/yoast-seo-wordpress\/ -->\n<title>Startseite<\/title>\n<meta name=\"description\" content=\"Wir bauen Aufz\u00fcge, die die Welt bewegen. Wir entwickeln, fertigen und installieren eine breite Palette an Hebel\u00f6sungen f\u00fcr die Windenergie- und Bauindustrie.\" \/>\n<meta name=\"robots\" content=\"index, follow, max-snippet:-1, max-image-preview:large, max-video-preview:-1\" \/>\n<link rel=\"canonical\" href=\"https:\/\/jaso.com\/elevation\/de\/\" \/>\n<meta property=\"og:locale\" content=\"de_DE\" \/>\n<meta property=\"og:type\" content=\"article\" \/>\n<meta property=\"og:title\" content=\"Startseite\" \/>\n<meta property=\"og:description\" content=\"Wir bauen Aufz\u00fcge, die die Welt bewegen. Wir entwickeln, fertigen und installieren eine breite Palette an Hebel\u00f6sungen f\u00fcr die Windenergie- und Bauindustrie.\" \/>\n<meta property=\"og:url\" content=\"https:\/\/jaso.com\/elevation\/de\/\" \/>\n<meta property=\"og:site_name\" content=\"Fabricante de sistemas de elevaci\u00f3n - JASO Elevation Systems\" \/>\n<meta property=\"article:modified_time\" content=\"2026-02-27T09:27:11+00:00\" \/>\n<meta name=\"twitter:card\" content=\"summary_large_image\" \/>\n<script type=\"application\/ld+json\" class=\"yoast-schema-graph\">{\"@context\":\"https:\\\/\\\/schema.org\",\"@graph\":[{\"@type\":\"WebPage\",\"@id\":\"https:\\\/\\\/jaso.com\\\/elevation\\\/de\\\/\",\"url\":\"https:\\\/\\\/jaso.com\\\/elevation\\\/de\\\/\",\"name\":\"Startseite\",\"isPartOf\":{\"@id\":\"https:\\\/\\\/jaso.com\\\/elevation\\\/#website\"},\"datePublished\":\"2026-02-12T07:21:40+00:00\",\"dateModified\":\"2026-02-27T09:27:11+00:00\",\"description\":\"Wir bauen Aufz\u00fcge, die die Welt bewegen. Wir entwickeln, fertigen und installieren eine breite Palette an Hebel\u00f6sungen f\u00fcr die Windenergie- und Bauindustrie.\",\"breadcrumb\":{\"@id\":\"https:\\\/\\\/jaso.com\\\/elevation\\\/de\\\/#breadcrumb\"},\"inLanguage\":\"de\",\"potentialAction\":[{\"@type\":\"ReadAction\",\"target\":[\"https:\\\/\\\/jaso.com\\\/elevation\\\/de\\\/\"]}]},{\"@type\":\"BreadcrumbList\",\"@id\":\"https:\\\/\\\/jaso.com\\\/elevation\\\/de\\\/#breadcrumb\",\"itemListElement\":[{\"@type\":\"ListItem\",\"position\":1,\"name\":\"Portada\",\"item\":\"https:\\\/\\\/jaso.com\\\/elevation\\\/de\\\/\"},{\"@type\":\"ListItem\",\"position\":2,\"name\":\"Homepage\"}]},{\"@type\":\"WebSite\",\"@id\":\"https:\\\/\\\/jaso.com\\\/elevation\\\/#website\",\"url\":\"https:\\\/\\\/jaso.com\\\/elevation\\\/\",\"name\":\"JASO Tower Cranes - Fabricantes de gr\u00faas torre\",\"description\":\"Somos un fabricante referente a nivel global. Ofrecemos una completa soluci\u00f3n de sistemas de elevaci\u00f3n..\",\"publisher\":{\"@id\":\"https:\\\/\\\/jaso.com\\\/elevation\\\/#organization\"},\"alternateName\":\"JASO Tower Cranes\",\"potentialAction\":[{\"@type\":\"SearchAction\",\"target\":{\"@type\":\"EntryPoint\",\"urlTemplate\":\"https:\\\/\\\/jaso.com\\\/elevation\\\/?s={search_term_string}\"},\"query-input\":{\"@type\":\"PropertyValueSpecification\",\"valueRequired\":true,\"valueName\":\"search_term_string\"}}],\"inLanguage\":\"de\"},{\"@type\":\"Organization\",\"@id\":\"https:\\\/\\\/jaso.com\\\/elevation\\\/#organization\",\"name\":\"JASO Tower Cranes\",\"alternateName\":\"JASO\",\"url\":\"https:\\\/\\\/jaso.com\\\/elevation\\\/\",\"logo\":{\"@type\":\"ImageObject\",\"inLanguage\":\"de\",\"@id\":\"https:\\\/\\\/jaso.com\\\/elevation\\\/#\\\/schema\\\/logo\\\/image\\\/\",\"url\":\"https:\\\/\\\/jaso.com\\\/elevation\\\/wp-content\\\/uploads\\\/2022\\\/10\\\/jaso_torre.png\",\"contentUrl\":\"https:\\\/\\\/jaso.com\\\/elevation\\\/wp-content\\\/uploads\\\/2022\\\/10\\\/jaso_torre.png\",\"width\":1200,\"height\":630,\"caption\":\"JASO Tower Cranes\"},\"image\":{\"@id\":\"https:\\\/\\\/jaso.com\\\/elevation\\\/#\\\/schema\\\/logo\\\/image\\\/\"}}]}<\/script>\n<!-- \/ Yoast SEO plugin. -->","yoast_head_json":{"title":"Startseite","description":"Wir bauen Aufz\u00fcge, die die Welt bewegen. Wir entwickeln, fertigen und installieren eine breite Palette an Hebel\u00f6sungen f\u00fcr die Windenergie- und Bauindustrie.","robots":{"index":"index","follow":"follow","max-snippet":"max-snippet:-1","max-image-preview":"max-image-preview:large","max-video-preview":"max-video-preview:-1"},"canonical":"https:\/\/jaso.com\/elevation\/de\/","og_locale":"de_DE","og_type":"article","og_title":"Startseite","og_description":"Wir bauen Aufz\u00fcge, die die Welt bewegen. Wir entwickeln, fertigen und installieren eine breite Palette an Hebel\u00f6sungen f\u00fcr die Windenergie- und Bauindustrie.","og_url":"https:\/\/jaso.com\/elevation\/de\/","og_site_name":"Fabricante de sistemas de elevaci\u00f3n - JASO Elevation Systems","article_modified_time":"2026-02-27T09:27:11+00:00","twitter_card":"summary_large_image","schema":{"@context":"https:\/\/schema.org","@graph":[{"@type":"WebPage","@id":"https:\/\/jaso.com\/elevation\/de\/","url":"https:\/\/jaso.com\/elevation\/de\/","name":"Startseite","isPartOf":{"@id":"https:\/\/jaso.com\/elevation\/#website"},"datePublished":"2026-02-12T07:21:40+00:00","dateModified":"2026-02-27T09:27:11+00:00","description":"Wir bauen Aufz\u00fcge, die die Welt bewegen. Wir entwickeln, fertigen und installieren eine breite Palette an Hebel\u00f6sungen f\u00fcr die Windenergie- und Bauindustrie.","breadcrumb":{"@id":"https:\/\/jaso.com\/elevation\/de\/#breadcrumb"},"inLanguage":"de","potentialAction":[{"@type":"ReadAction","target":["https:\/\/jaso.com\/elevation\/de\/"]}]},{"@type":"BreadcrumbList","@id":"https:\/\/jaso.com\/elevation\/de\/#breadcrumb","itemListElement":[{"@type":"ListItem","position":1,"name":"Portada","item":"https:\/\/jaso.com\/elevation\/de\/"},{"@type":"ListItem","position":2,"name":"Homepage"}]},{"@type":"WebSite","@id":"https:\/\/jaso.com\/elevation\/#website","url":"https:\/\/jaso.com\/elevation\/","name":"JASO Tower Cranes - Fabricantes de gr\u00faas torre","description":"Somos un fabricante referente a nivel global. Ofrecemos una completa soluci\u00f3n de sistemas de elevaci\u00f3n..","publisher":{"@id":"https:\/\/jaso.com\/elevation\/#organization"},"alternateName":"JASO Tower Cranes","potentialAction":[{"@type":"SearchAction","target":{"@type":"EntryPoint","urlTemplate":"https:\/\/jaso.com\/elevation\/?s={search_term_string}"},"query-input":{"@type":"PropertyValueSpecification","valueRequired":true,"valueName":"search_term_string"}}],"inLanguage":"de"},{"@type":"Organization","@id":"https:\/\/jaso.com\/elevation\/#organization","name":"JASO Tower Cranes","alternateName":"JASO","url":"https:\/\/jaso.com\/elevation\/","logo":{"@type":"ImageObject","inLanguage":"de","@id":"https:\/\/jaso.com\/elevation\/#\/schema\/logo\/image\/","url":"https:\/\/jaso.com\/elevation\/wp-content\/uploads\/2022\/10\/jaso_torre.png","contentUrl":"https:\/\/jaso.com\/elevation\/wp-content\/uploads\/2022\/10\/jaso_torre.png","width":1200,"height":630,"caption":"JASO Tower Cranes"},"image":{"@id":"https:\/\/jaso.com\/elevation\/#\/schema\/logo\/image\/"}}]}},"_links":{"self":[{"href":"https:\/\/jaso.com\/elevation\/de\/wp-json\/wp\/v2\/pages\/7291","targetHints":{"allow":["GET"]}}],"collection":[{"href":"https:\/\/jaso.com\/elevation\/de\/wp-json\/wp\/v2\/pages"}],"about":[{"href":"https:\/\/jaso.com\/elevation\/de\/wp-json\/wp\/v2\/types\/page"}],"author":[{"embeddable":true,"href":"https:\/\/jaso.com\/elevation\/de\/wp-json\/wp\/v2\/users\/13"}],"replies":[{"embeddable":true,"href":"https:\/\/jaso.com\/elevation\/de\/wp-json\/wp\/v2\/comments?post=7291"}],"version-history":[{"count":3,"href":"https:\/\/jaso.com\/elevation\/de\/wp-json\/wp\/v2\/pages\/7291\/revisions"}],"predecessor-version":[{"id":7304,"href":"https:\/\/jaso.com\/elevation\/de\/wp-json\/wp\/v2\/pages\/7291\/revisions\/7304"}],"wp:attachment":[{"href":"https:\/\/jaso.com\/elevation\/de\/wp-json\/wp\/v2\/media?parent=7291"}],"curies":[{"name":"wp","href":"https:\/\/api.w.org\/{rel}","templated":true}]}}